{"id":1174,"date":"2026-01-19T21:27:04","date_gmt":"2026-01-19T21:27:04","guid":{"rendered":"https:\/\/am.cloudnine.com.do\/publications\/"},"modified":"2026-02-19T16:25:35","modified_gmt":"2026-02-19T16:25:35","slug":"publications","status":"publish","type":"page","link":"https:\/\/www.anamagnolia.org\/fr\/publications\/","title":{"rendered":"Publications"},"content":{"rendered":"<p>[et_pb_section fb_built=\u00a0\u00bb1&Prime; admin_label=\u00a0\u00bbHeader\u00a0\u00bb _builder_version=\u00a0\u00bb4.27.5&Prime; _module_preset=\u00a0\u00bbdefault\u00a0\u00bb background_enable_color=\u00a0\u00bboff\u00a0\u00bb use_background_color_gradient=\u00a0\u00bbon\u00a0\u00bb background_color_gradient_stops=\u00a0\u00bbrgba(53,87,167,0.5) 0%|#3557a7 100%\u00a0\u00bb background_color_gradient_overlays_image=\u00a0\u00bbon\u00a0\u00bb background_image=\u00a0\u00bbhttp:\/\/am.cloudnine.com.do\/wp-content\/uploads\/2026\/01\/attorney-21.jpg\u00a0\u00bb locked=\u00a0\u00bboff\u00a0\u00bb collapsed=\u00a0\u00bbon\u00a0\u00bb global_colors_info=\u00a0\u00bb{}\u00a0\u00bb][et_pb_row _builder_version=\u00a0\u00bb4.20.0&Prime; _module_preset=\u00a0\u00bbdefault\u00a0\u00bb global_colors_info=\u00a0\u00bb{}\u00a0\u00bb][et_pb_column type=\u00a0\u00bb4_4&Prime; _builder_version=\u00a0\u00bb4.20.0&Prime; _module_preset=\u00a0\u00bbdefault\u00a0\u00bb global_colors_info=\u00a0\u00bb{}\u00a0\u00bb][et_pb_text _builder_version=\u00a0\u00bb4.27.5&Prime; _module_preset=\u00a0\u00bb74043ddf-8344-4fb3-afc5-1383327db11f\u00a0\u00bb header_4_text_color=\u00a0\u00bb#FFFFFF\u00a0\u00bb text_orientation=\u00a0\u00bbcenter\u00a0\u00bb custom_margin=\u00a0\u00bb||10px||false|false\u00a0\u00bb global_colors_info=\u00a0\u00bb{}\u00a0\u00bb]<\/p>\n<h4>notre<\/h4>\n<p>[\/et_pb_text][et_pb_image src=\u00a0\u00bbhttp:\/\/am.cloudnine.com.do\/wp-content\/uploads\/2026\/01\/attorney-3.png\u00a0\u00bb title_text=\u00a0\u00bbavocat-3&Prime; _builder_version=\u00a0\u00bb4.27.5&Prime; _module_preset=\u00a0\u00bbdefault\u00a0\u00bb max_width=\u00a0\u00bb130px\u00a0\u00bb module_alignment=\u00a0\u00bbcenter\u00a0\u00bb global_colors_info=\u00a0\u00bb{}\u00a0\u00bb][\/et_pb_image][et_pb_text _builder_version=\u00a0\u00bb4.27.5&Prime; _module_preset=\u00a0\u00bbdc3584ed-61bc-4758-af26-bdef67c2fce4&Prime; text_text_color=\u00a0\u00bb#FFFFFF\u00a0\u00bb header_text_color=\u00a0\u00bb#FFFFFF\u00a0\u00bb text_orientation=\u00a0\u00bbcenter\u00a0\u00bb custom_padding=\u00a0\u00bb||10px|||\u00a0\u00bb global_colors_info=\u00a0\u00bb{}\u00a0\u00bb]<\/p>\n<h1>Publications<\/h1>\n<p>[\/et_pb_text][\/et_pb_column][\/et_pb_row][\/et_pb_section][et_pb_section fb_built=\u00a0\u00bb1&Prime; admin_label=\u00a0\u00bbHeader\u00a0\u00bb _builder_version=\u00a0\u00bb4.25.1&Prime; _module_preset=\u00a0\u00bbdefault\u00a0\u00bb background_color=\u00a0\u00bbgcid-545c17f1-4e53-478d-9e2b-03daafc524a2&Prime; use_background_color_gradient=\u00a0\u00bbon\u00a0\u00bb background_color_gradient_direction=\u00a0\u00bb90deg\u00a0\u00bb background_color_gradient_stops=\u00a0\u00bbrgba(255,255,255,0) 60%|gcid-2a386b1e-9149-40c6-b24d-5e9fedecf039 60%\u00a0\u00bb background_last_edited=\u00a0\u00bbon|desktop\u00a0\u00bb use_background_color_gradient_tablet=\u00a0\u00bbon\u00a0\u00bb use_background_color_gradient_phone=\u00a0\u00bbon\u00a0\u00bb background_color_gradient_direction_tablet=\u00a0\u00bb180deg\u00a0\u00bb background_color_gradient_stops_tablet=\u00a0\u00bbrgba(255,255,255,0) 60%|gcid-2a386b1e-9149-40c6-b24d-5e9fedecf039 60%\u00a0\u00bb background_color_gradient_stops_phone=\u00a0\u00bbrgba(255,255,255,0) 60%|gcid-2a386b1e-9149-40c6-b24d-5e9fedecf039 60%\u00a0\u00bb collapsed=\u00a0\u00bbon\u00a0\u00bb global_colors_info=\u00a0\u00bb{%22gcid-545c17f1-4e53-478d-9e2b-03daafc524a2%22:%91%22background_color%22%93}\u00a0\u00bb][et_pb_row column_structure=\u00a0\u00bb1_2,1_2&Prime; _builder_version=\u00a0\u00bb4.27.5&Prime; _module_preset=\u00a0\u00bbdefault\u00a0\u00bb global_colors_info=\u00a0\u00bb{}\u00a0\u00bb][et_pb_column type=\u00a0\u00bb1_2&Prime; _builder_version=\u00a0\u00bb4.25.1&Prime; _module_preset=\u00a0\u00bbdefault\u00a0\u00bb custom_padding=\u00a0\u00bb100px||||false|false\u00a0\u00bb custom_padding_tablet=\u00a0\u00bb0px||||false|false\u00a0\u00bb custom_padding_phone=\u00a0\u00bb||||false|false\u00a0\u00bb custom_padding_last_edited=\u00a0\u00bbon|phone\u00a0\u00bb global_colors_info=\u00a0\u00bb{}\u00a0\u00bb][et_pb_heading title=\u00a0\u00bbDate de publication : 17 f\u00e9vrier 2023&Prime; _builder_version=\u00a0\u00bb4.27.5&Prime; _module_preset=\u00a0\u00bb8dc6aeb9-ebe4-4da3-97f4-fadcd8a7844f\u00a0\u00bb title_font=\u00a0\u00bbRoboto|500||on|||||\u00a0\u00bb title_text_color=\u00a0\u00bbgcid-880c38f1-a6fc-40a7-920b-f6027d5f269c\u00a0\u00bb locked=\u00a0\u00bboff\u00a0\u00bb global_colors_info=\u00a0\u00bb{%22gcid-880c38f1-a6fc-40a7-920b-f6027d5f269c%22:%91%22title_text_color%22%93}\u00a0\u00bb][\/et_pb_heading][et_pb_heading title=\u00a0\u00bbPages couvertes  \u00a0\u00bb _builder_version=\u00a0\u00bb4.27.5&Prime; _module_preset=\u00a0\u00bb8d5eabe1-8648-4667-a1ea-ab7610532fff\u00a0\u00bb title_font=\u00a0\u00bbNanum Myeongjo||||||||\u00a0\u00bb custom_margin=\u00a0\u00bb||10px||false|false\u00a0\u00bb][\/et_pb_heading][et_pb_text quote_border_color=\u00a0\u00bb#2f4858&Prime; _builder_version=\u00a0\u00bb4.27.5&Prime; _module_preset=\u00a0\u00bb3c1716f5-9abd-4aff-a053-8138e75ef9ad\u00a0\u00bb text_font=\u00a0\u00bb||||||||\u00a0\u00bb quote_text_color=\u00a0\u00bb#2f4858&Prime; global_colors_info=\u00a0\u00bb{}\u00a0\u00bb]<\/p>\n<p data-start=\"97\" data-end=\"433\"><strong data-start=\"97\" data-end=\"433\">Dans ce premier recueil de nouvelles, Magnolia ne donne pas seulement libre cours \u00e0 son imagination prolifique de lectrice &#8211; qui cherche des raisons \u00e0 tout &#8211; mais elle nous prend par la main, nous fait partager et nous captive \u00e0 travers des histoires qui contiennent beaucoup de ce que nous avons \u00e9t\u00e9, de ce que nous gardons et ch\u00e9rissons dans nos c\u0153urs avec l&rsquo;\u00e2me d&rsquo;un enfant.<\/strong><\/p>\n<p data-start=\"435\" data-end=\"620\">Dans certaines histoires, comme <em data-start=\"460\" data-end=\"474\">Ojos de vivo<\/em>, <em data-start=\"476\" data-end=\"506\">La herencia del Conde Guzm\u00e1n<\/em> et <em data-start=\"512\" data-end=\"520\">\u00c1lgida<\/em>, il y a un m\u00e9lange de fiction, de mis\u00e8re humaine et d&rsquo;\u00e9go\u00efsme qui transcende, \u00e9voque et d\u00e9stabilise.<\/p>\n<p data-start=\"622\" data-end=\"812\">Elle tisse des liens entre exp\u00e9riences v\u00e9cues et chim\u00e8res, les mythifiant de mani\u00e8re magistrale, comme en t\u00e9moignent <em data-start=\"721\" data-end=\"748\">Encuentro con el galipote<\/em>, <em data-start=\"750\" data-end=\"797\">La leyenda de la culebra de las siete cabezas<\/em> et <em data-start=\"803\" data-end=\"811\">Al mar.<\/em><\/p>\n<p data-start=\"814\" data-end=\"1008\">En lisant ses r\u00e9cits, nous entrons dans son monde magique non seulement par les mots, mais aussi par des illustrations magnifiques et significatives &#8211; des images qui nous transportent de fa\u00e7on saisissante dans chaque lieu qu&rsquo;elles habitent.<\/p>\n<p data-start=\"1010\" data-end=\"1171\">Sans aucun doute, Magnolia a r\u00e9alis\u00e9 une \u0153uvre remarquable : l&rsquo;accomplissement d&rsquo;un r\u00eave et, sans effort, elle nous rend \u00e0 la fois protagonistes et antagonistes de ce r\u00eave.<\/p>\n<p>[\/et_pb_text][et_pb_button button_url=\u00a0\u00bbhttps:\/\/www.amazon.com\/P%C3%A1ginas-Sueltas-Spanish-Magnolia-Cabrera-ebook\/dp\/B0BW59KJ61\/ref=sr_1_1?crid=2FNK1X8EMYDLA&amp;dib=eyJ2IjoiMSJ9.AfHfAaAOtzk7Y_YpTNDEIOE-9mCcoEnHpLhhmWQI3Me-kd_EE21cNHU1plD0WNmXWBCHR9NfEkpZJ3-ojcbSDab_PJkDGmZR8sGht-0jcfFjkaMR-f8SMYQpxCLqfHL71Z-uraKHfowC3lPMkAIR0ncHfUtHgMlXogF_2XxYIj1t6Q1S9jVm5Ac0DLzoT7GvuF3e9ARdrTIlA_zdeduV7PJcNzFKCfrYZCo9z5k1ksk.bq0BV5Sp05iKDk-OelJiiZhyuPL1my2lKlclEexQVKc&amp;dib_tag=se&amp;keywords=pagina+suelta&amp;qid=1769452943&amp;sprefix=pagina+suelta+%2Caps%2C165&amp;sr=8-1&Prime; button_text=\u00a0\u00bbacc\u00e8s\u00a0\u00bb _builder_version=\u00a0\u00bb4.27.5&Prime; _module_preset=\u00a0\u00bbf901c0e3-1fab-4e19-9400-935779a2c36d\u00a0\u00bb button_text_color=\u00a0\u00bb#000000&Prime; button_border_color=\u00a0\u00bb#000000&Prime; global_colors_info=\u00a0\u00bb{}\u00a0\u00bb][\/et_pb_button][\/et_pb_column][et_pb_column type=\u00a0\u00bb1_2&Prime; _builder_version=\u00a0\u00bb4.27.5&Prime; _module_preset=\u00a0\u00bbdefault\u00a0\u00bb transform_scale_tablet=\u00a0\u00bb\u00a0\u00bb transform_scale_phone=\u00a0\u00bb\u00a0\u00bb transform_scale_last_edited=\u00a0\u00bbon|phone\u00a0\u00bb transform_translate=\u00a0\u00bb98px|135px\u00a0\u00bb transform_translate_tablet=\u00a0\u00bb98px|135px\u00a0\u00bb transform_translate_phone=\u00a0\u00bb0px|42px\u00a0\u00bb transform_translate_last_edited=\u00a0\u00bbon|phone\u00a0\u00bb transform_rotate_tablet=\u00a0\u00bb\u00a0\u00bb transform_rotate_phone=\u00a0\u00bb\u00a0\u00bb transform_rotate_last_edited=\u00a0\u00bbon|phone\u00a0\u00bb transform_skew_tablet=\u00a0\u00bb\u00a0\u00bb transform_skew_phone=\u00a0\u00bb\u00a0\u00bb transform_skew_last_edited=\u00a0\u00bbon|phone\u00a0\u00bb transform_origin_tablet=\u00a0\u00bb\u00a0\u00bb transform_origin_phone=\u00a0\u00bb\u00a0\u00bb transform_origin_last_edited=\u00a0\u00bbon|phone\u00a0\u00bb transform_styles_last_edited=\u00a0\u00bbon|phone\u00a0\u00bb transform_styles_tablet=\u00a0\u00bb\u00a0\u00bb transform_styles_phone=\u00a0\u00bb\u00a0\u00bb global_colors_info=\u00a0\u00bb{}\u00a0\u00bb][et_pb_image src=\u00a0\u00bbhttp:\/\/am.cloudnine.com.do\/wp-content\/uploads\/2026\/01\/81nCj1fugjL._SY522_.jpg\u00a0\u00bb title_text=\u00a0\u00bb81nCj1fugjL._SY522_\u00a0\u00bb align=\u00a0\u00bbcenter\u00a0\u00bb _builder_version=\u00a0\u00bb4.27.5&Prime; _module_preset=\u00a0\u00bbdefault\u00a0\u00bb background_color=\u00a0\u00bb#ffffff\u00a0\u00bb transform_scale_tablet=\u00a0\u00bb\u00a0\u00bb transform_scale_phone=\u00a0\u00bb\u00a0\u00bb transform_scale_last_edited=\u00a0\u00bbon|phone\u00a0\u00bb transform_translate_tablet=\u00a0\u00bb\u00a0\u00bb transform_translate_phone=\u00a0\u00bb\u00a0\u00bb transform_translate_last_edited=\u00a0\u00bbon|phone\u00a0\u00bb transform_rotate_tablet=\u00a0\u00bb\u00a0\u00bb transform_rotate_phone=\u00a0\u00bb\u00a0\u00bb transform_rotate_last_edited=\u00a0\u00bbon|phone\u00a0\u00bb transform_skew_tablet=\u00a0\u00bb\u00a0\u00bb transform_skew_phone=\u00a0\u00bb\u00a0\u00bb transform_skew_last_edited=\u00a0\u00bbon|phone\u00a0\u00bb transform_origin_tablet=\u00a0\u00bb\u00a0\u00bb transform_origin_phone=\u00a0\u00bb\u00a0\u00bb transform_origin_last_edited=\u00a0\u00bbon|phone\u00a0\u00bb transform_styles_last_edited=\u00a0\u00bbon|phone\u00a0\u00bb z_index=\u00a0\u00bb11&Prime; custom_padding=\u00a0\u00bb10%|10%|10%|10%|true|true\u00a0\u00bb custom_padding_tablet=\u00a0\u00bb10%|10%|10%|10%|true|true\u00a0\u00bb custom_padding_phone=\u00a0\u00bb30%|10%|30%|10%|true|true\u00a0\u00bb custom_padding_last_edited=\u00a0\u00bbon|phone\u00a0\u00bb transform_styles_tablet=\u00a0\u00bb\u00a0\u00bb transform_styles_phone=\u00a0\u00bb\u00a0\u00bb border_width_all=\u00a0\u00bb16px\u00a0\u00bb border_color_all=\u00a0\u00bb#FFFFFF\u00a0\u00bb box_shadow_style=\u00a0\u00bbpreset3&Prime; box_shadow_horizontal=\u00a0\u00bb10px\u00a0\u00bb box_shadow_vertical=\u00a0\u00bb40px\u00a0\u00bb box_shadow_blur=\u00a0\u00bb40px\u00a0\u00bb box_shadow_spread=\u00a0\u00bb10px\u00a0\u00bb box_shadow_color=\u00a0\u00bbrgba(0,0,0,0.11)\u00a0\u00bb global_colors_info=\u00a0\u00bb{}\u00a0\u00bb box_shadow_color__hover=\u00a0\u00bbRGBA(255,255,255,0)\u00a0\u00bb box_shadow_color__hover_enabled=\u00a0\u00bbon|hover\u00a0\u00bb transform_styles__hover_enabled=\u00a0\u00bbon|hover\u00a0\u00bb transform_scale__hover=\u00a0\u00bb99%|99%\u00a0\u00bb transform_scale__hover_enabled=\u00a0\u00bbon|hover\u00a0\u00bb transform_translate__hover_enabled=\u00a0\u00bbon|hover\u00a0\u00bb transform_rotate__hover_enabled=\u00a0\u00bbon|hover\u00a0\u00bb transform_skew__hover_enabled=\u00a0\u00bbon|hover\u00a0\u00bb transform_origin__hover_enabled=\u00a0\u00bbon|hover\u00a0\u00bb][\/et_pb_image][\/et_pb_column][\/et_pb_row][\/et_pb_section][et_pb_section fb_built=\u00a0\u00bb1&Prime; _builder_version=\u00a0\u00bb4.27.5&Prime; _module_preset=\u00a0\u00bbdefault\u00a0\u00bb global_colors_info=\u00a0\u00bb{}\u00a0\u00bb][et_pb_row _builder_version=\u00a0\u00bb4.27.5&Prime; _module_preset=\u00a0\u00bbdefault\u00a0\u00bb global_colors_info=\u00a0\u00bb{}\u00a0\u00bb][et_pb_column type=\u00a0\u00bb4_4&Prime; _builder_version=\u00a0\u00bb4.27.5&Prime; _module_preset=\u00a0\u00bbdefault\u00a0\u00bb global_colors_info=\u00a0\u00bb{}\u00a0\u00bb][et_pb_text _builder_version=\u00a0\u00bb4.27.5&Prime; _module_preset=\u00a0\u00bb3384d1d3-f75c-438a-b838-a53164bc33ad\u00a0\u00bb header_2_text_align=\u00a0\u00bbcenter\u00a0\u00bb module_alignment=\u00a0\u00bbcenter\u00a0\u00bb custom_margin=\u00a0\u00bb||100px||false|false\u00a0\u00bb global_colors_info=\u00a0\u00bb{}\u00a0\u00bb]<\/p>\n<h2>litt\u00e9rature g\u00e9n\u00e9rale<\/h2>\n<p>[\/et_pb_text][et_pb_blog posts_number=\u00a0\u00bb9&Prime; include_categories=\u00a0\u00bb34&Prime; excerpt_length=\u00a0\u00bb200&Prime; show_author=\u00a0\u00bboff\u00a0\u00bb show_date=\u00a0\u00bboff\u00a0\u00bb show_categories=\u00a0\u00bboff\u00a0\u00bb show_pagination=\u00a0\u00bboff\u00a0\u00bb _builder_version=\u00a0\u00bb4.27.5&Prime; _module_preset=\u00a0\u00bb4538aee2-9e7b-4845-a37a-b67e45fd1141&Prime; locked=\u00a0\u00bboff\u00a0\u00bb global_colors_info=\u00a0\u00bb{}\u00a0\u00bb][\/et_pb_blog][et_pb_text _builder_version=\u00a0\u00bb4.27.5&Prime; _module_preset=\u00a0\u00bb3384d1d3-f75c-438a-b838-a53164bc33ad\u00a0\u00bb header_2_text_align=\u00a0\u00bbcenter\u00a0\u00bb module_alignment=\u00a0\u00bbcenter\u00a0\u00bb custom_margin=\u00a0\u00bb100px||100px||true|false\u00a0\u00bb global_colors_info=\u00a0\u00bb{}\u00a0\u00bb]<\/p>\n<h2>publications juridiques<br \/><\/h2>\n<p>[\/et_pb_text][et_pb_blog posts_number=\u00a0\u00bb9&Prime; include_categories=\u00a0\u00bb36&Prime; excerpt_length=\u00a0\u00bb200&Prime; show_author=\u00a0\u00bboff\u00a0\u00bb show_date=\u00a0\u00bboff\u00a0\u00bb show_categories=\u00a0\u00bboff\u00a0\u00bb show_pagination=\u00a0\u00bboff\u00a0\u00bb _builder_version=\u00a0\u00bb4.27.5&Prime; _module_preset=\u00a0\u00bb4538aee2-9e7b-4845-a37a-b67e45fd1141&Prime; hover_enabled=\u00a0\u00bb0&Prime; locked=\u00a0\u00bboff\u00a0\u00bb global_colors_info=\u00a0\u00bb{}\u00a0\u00bb sticky_enabled=\u00a0\u00bb0&Prime;][\/et_pb_blog][\/et_pb_column][\/et_pb_row][\/et_pb_section][et_pb_section fb_built=\u00a0\u00bb1&Prime; admin_label=\u00a0\u00bbAbout\u00a0\u00bb _builder_version=\u00a0\u00bb4.25.1&Prime; _module_preset=\u00a0\u00bbdefault\u00a0\u00bb collapsed=\u00a0\u00bbon\u00a0\u00bb global_colors_info=\u00a0\u00bb{}\u00a0\u00bb][et_pb_row column_structure=\u00a0\u00bb1_2,1_2&Prime; _builder_version=\u00a0\u00bb4.25.1&Prime; _module_preset=\u00a0\u00bbdefault\u00a0\u00bb global_colors_info=\u00a0\u00bb{}\u00a0\u00bb][et_pb_column type=\u00a0\u00bb1_2&Prime; _builder_version=\u00a0\u00bb4.25.1&Prime; _module_preset=\u00a0\u00bbdefault\u00a0\u00bb custom_padding=\u00a0\u00bb|30px|20px|30px|false|true\u00a0\u00bb custom_padding_tablet=\u00a0\u00bb|30px|30px|30px|false|true\u00a0\u00bb custom_padding_phone=\u00a0\u00bb|20px|20px|20px|false|true\u00a0\u00bb custom_padding_last_edited=\u00a0\u00bbon|desktop\u00a0\u00bb border_width_all=\u00a0\u00bb2px\u00a0\u00bb border_color_all=\u00a0\u00bbrgba(0,0,0,0.12)\u00a0\u00bb global_colors_info=\u00a0\u00bb{}\u00a0\u00bb][et_pb_image src=\u00a0\u00bbhttp:\/\/am.cloudnine.com.do\/wp-content\/uploads\/2026\/02\/WhatsApp-Image-2024-08-13-at-11.08.46-2-1-1.jpeg\u00a0\u00bb title_text=\u00a0\u00bbWhatsApp Image 2024-08-13 \u00e0 11.08.46 (2) (1)\u00a0\u00bb _builder_version=\u00a0\u00bb4.27.5&Prime; _module_preset=\u00a0\u00bbdefault\u00a0\u00bb custom_margin=\u00a0\u00bb|-30px||-30px|false|true\u00a0\u00bb custom_margin_tablet=\u00a0\u00bb|-30px||-30px|false|true\u00a0\u00bb custom_margin_phone=\u00a0\u00bb|-20px||-20px|false|true\u00a0\u00bb custom_margin_last_edited=\u00a0\u00bbon|desktop\u00a0\u00bb filter_saturate=\u00a0\u00bb0%\u00a0\u00bb locked=\u00a0\u00bboff\u00a0\u00bb global_colors_info=\u00a0\u00bb{}\u00a0\u00bb][\/et_pb_image][et_pb_heading title=\u00a0\u00bbMagnolia Mendez\u00a0\u00bb _builder_version=\u00a0\u00bb4.25.1&Prime; _module_preset=\u00a0\u00bbb869686f-eb92-4034-aef7-a1a013cfccc0&Prime; title_text_align=\u00a0\u00bbcenter\u00a0\u00bb custom_margin=\u00a0\u00bb||10px||false|false\u00a0\u00bb locked=\u00a0\u00bboff\u00a0\u00bb][\/et_pb_heading][et_pb_heading title=\u00a0\u00bbAuteur\u00a0\u00bb _builder_version=\u00a0\u00bb4.25.1&Prime; _module_preset=\u00a0\u00bb8dc6aeb9-ebe4-4da3-97f4-fadcd8a7844f\u00a0\u00bb title_text_align=\u00a0\u00bbcenter\u00a0\u00bb title_text_color=\u00a0\u00bbgcid-2a386b1e-9149-40c6-b24d-5e9fedecf039&Prime; custom_margin=\u00a0\u00bb||||false|false\u00a0\u00bb locked=\u00a0\u00bboff\u00a0\u00bb global_colors_info=\u00a0\u00bb{%22gcid-2a386b1e-9149-40c6-b24d-5e9fedecf039%22:%91%22title_text_color%22%93}\u00a0\u00bb][\/et_pb_heading][\/et_pb_column][et_pb_column type=\u00a0\u00bb1_2&Prime; _builder_version=\u00a0\u00bb4.25.1&Prime; _module_preset=\u00a0\u00bbdefault\u00a0\u00bb custom_padding=\u00a0\u00bb100px||||false|false\u00a0\u00bb custom_padding_tablet=\u00a0\u00bb0px||||false|false\u00a0\u00bb custom_padding_phone=\u00a0\u00bb0px||||false|false\u00a0\u00bb custom_padding_last_edited=\u00a0\u00bbon|phone\u00a0\u00bb global_colors_info=\u00a0\u00bb{}\u00a0\u00bb][et_pb_heading title=\u00a0\u00bbMon histoire\u00a0\u00bb _builder_version=\u00a0\u00bb4.27.5&Prime; _module_preset=\u00a0\u00bb551e7386-07b6-4385-afad-ad4a368b5753&Prime; title_font=\u00a0\u00bbNanum Myeongjo||||||||\u00a0\u00bb custom_margin=\u00a0\u00bb||10px||false|false\u00a0\u00bb locked=\u00a0\u00bboff\u00a0\u00bb][\/et_pb_heading][et_pb_text quote_border_color=\u00a0\u00bb#2f4858&Prime; _builder_version=\u00a0\u00bb4.27.5&Prime; _module_preset=\u00a0\u00bb3c1716f5-9abd-4aff-a053-8138e75ef9ad\u00a0\u00bb text_font=\u00a0\u00bb||||||||\u00a0\u00bb quote_text_color=\u00a0\u00bb#2f4858&Prime; locked=\u00a0\u00bboff\u00a0\u00bb global_colors_info=\u00a0\u00bb{}\u00a0\u00bb]<\/p>\n<div class=\"flex flex-col text-sm pb-25\">\n<article class=\"text-token-text-primary w-full focus:outline-none [--shadow-height:45px] has-data-writing-block:pointer-events-none has-data-writing-block:-mt-(--shadow-height) has-data-writing-block:pt-(--shadow-height) [&amp;:has([data-writing-block])&gt;*]:pointer-events-auto scroll-mt-[calc(var(--header-height)+min(200px,max(70px,20svh)))]\" dir=\"auto\" data-turn-id=\"request-697140f1-399c-832a-9014-524418d9929c-0\" data-testid=\"conversation-turn-228\" data-scroll-anchor=\"true\" data-turn=\"assistant\" tabindex=\"-1\">\n<div class=\"text-base my-auto mx-auto pb-10 [--thread-content-margin:--spacing(4)] @w-sm\/main:[--thread-content-margin:--spacing(6)] @w-lg\/main:[--thread-content-margin:--spacing(16)] px-(--thread-content-margin)\">\n<div class=\"[--thread-content-max-width:40rem] @w-lg\/main:[--thread-content-max-width:48rem] mx-auto max-w-(--thread-content-max-width) flex-1 group\/turn-messages focus-visible:outline-hidden relative flex w-full min-w-0 flex-col agent-turn\" tabindex=\"-1\">\n<div class=\"flex max-w-full flex-col grow\">\n<div data-message-author-role=\"assistant\" data-message-id=\"d1e68c22-e46d-4774-af3e-396a923b1785\" dir=\"auto\" class=\"min-h-8 text-message relative flex w-full flex-col items-end gap-2 text-start break-words whitespace-normal [.text-message+&amp;]:mt-1\" data-message-model-slug=\"gpt-5-2\">\n<div class=\"flex w-full flex-col gap-1 empty:hidden first:pt-[1px]\">\n<div class=\"markdown prose dark:prose-invert w-full wrap-break-word dark markdown-new-styling\">\n<p data-start=\"96\" data-end=\"314\"><strong data-start=\"96\" data-end=\"123\">Magnolia M\u00e9ndez Cabrera<\/strong> est avocate de profession. Elle concilie sa vie de famille et son travail au sein du pouvoir judiciaire de son pays, o\u00f9 elle est juge \u00e0 la cour d&rsquo;appel dans des affaires immobili\u00e8res et administratives. <\/p>\n<p data-start=\"316\" data-end=\"428\">En outre, elle enseigne le droit \u00e0 l&rsquo;\u00c9cole nationale de la magistrature dominicaine et \u00e0 l&rsquo;universit\u00e9.<\/p>\n<p data-start=\"430\" data-end=\"982\">Depuis 2008, elle est \u00e9tudiante \u00e0 l&rsquo;Escuela de Escritores (\u00c9cole des \u00e9crivains), o\u00f9 elle a suivi des cours de cr\u00e9ation litt\u00e9raire, de fiction \u00e9clair, de nouvelles et de litt\u00e9rature pour enfants et jeunes adultes. Elle fait \u00e9galement partie de la premi\u00e8re promotion du programme de sp\u00e9cialisation en enseignement de l&rsquo;\u00e9criture cr\u00e9ative, propos\u00e9 conjointement par l&rsquo;Escuela de Escritores et l&rsquo;universit\u00e9 d&rsquo;Alcal\u00e1. Par l&rsquo;interm\u00e9diaire de l&rsquo;Escuela de Escritores, elle a contribu\u00e9 aux publications collectives d&rsquo;\u00e9tudiants <em data-start=\"913\" data-end=\"932\">El sue\u00f1o del gato<\/em>, <em data-start=\"934\" data-end=\"950\">Magia sanadora<\/em> et <em data-start=\"956\" data-end=\"981\">Un lugar contra el fr\u00edo<\/em>.  <\/p>\n<p data-start=\"984\" data-end=\"1080\" data-is-last-node=\"\" data-is-only-node=\"\">Si vous souhaitez une version <strong data-start=\"998\" data-end=\"1024\">plus courte, plus litt\u00e9raire<\/strong> ou <strong data-start=\"1029\" data-end=\"1044\">plus formelle<\/strong>, je peux l&rsquo;adapter instantan\u00e9ment.<\/p>\n<\/div>\n<\/div>\n<\/div>\n<\/div>\n<div class=\"z-0 flex min-h-[46px] justify-start\"><\/div>\n<div class=\"mt-3 w-full empty:hidden\">\n<div class=\"text-center\"><\/div>\n<\/div>\n<\/div>\n<\/div>\n<\/article>\n<\/div>\n<div aria-hidden=\"true\" data-edge=\"true\" class=\"pointer-events-none h-px w-px absolute bottom-0\"><\/div>\n<p>[\/et_pb_text][et_pb_button button_url=\u00a0\u00bbhttps:\/\/am.cloudnine.com.do\/about-us\/\u00a0\u00bb button_text=\u00a0\u00bbA propos de moi \u00a0\u00bb _builder_version=\u00a0\u00bb4.27.5&Prime; _module_preset=\u00a0\u00bbf901c0e3-1fab-4e19-9400-935779a2c36d\u00a0\u00bb button_text_color=\u00a0\u00bb#000000&Prime; button_border_color=\u00a0\u00bb#000000&Prime; global_colors_info=\u00a0\u00bb{}\u00a0\u00bb][\/et_pb_button][\/et_pb_column][\/et_pb_row][\/et_pb_section]<\/p>\n","protected":false},"excerpt":{"rendered":"<p>notrePublicationsDans ce premier recueil de nouvelles, Magnolia ne donne pas seulement libre cours \u00e0 son imagination prolifique de lectrice &#8211; qui cherche des raisons \u00e0 tout &#8211; mais elle nous prend par la main, nous fait partager et nous captive \u00e0 travers des histoires qui contiennent beaucoup de ce que nous avons \u00e9t\u00e9, de ce [&hellip;]<\/p>\n","protected":false},"author":2,"featured_media":0,"parent":0,"menu_order":0,"comment_status":"closed","ping_status":"closed","template":"","meta":{"_et_pb_use_builder":"on","_et_pb_old_content":"","_et_gb_content_width":"","footnotes":""},"class_list":["post-1174","page","type-page","status-publish","hentry"],"_links":{"self":[{"href":"https:\/\/www.anamagnolia.org\/fr\/wp-json\/wp\/v2\/pages\/1174","targetHints":{"allow":["GET"]}}],"collection":[{"href":"https:\/\/www.anamagnolia.org\/fr\/wp-json\/wp\/v2\/pages"}],"about":[{"href":"https:\/\/www.anamagnolia.org\/fr\/wp-json\/wp\/v2\/types\/page"}],"author":[{"embeddable":true,"href":"https:\/\/www.anamagnolia.org\/fr\/wp-json\/wp\/v2\/users\/2"}],"replies":[{"embeddable":true,"href":"https:\/\/www.anamagnolia.org\/fr\/wp-json\/wp\/v2\/comments?post=1174"}],"version-history":[{"count":2,"href":"https:\/\/www.anamagnolia.org\/fr\/wp-json\/wp\/v2\/pages\/1174\/revisions"}],"predecessor-version":[{"id":1176,"href":"https:\/\/www.anamagnolia.org\/fr\/wp-json\/wp\/v2\/pages\/1174\/revisions\/1176"}],"wp:attachment":[{"href":"https:\/\/www.anamagnolia.org\/fr\/wp-json\/wp\/v2\/media?parent=1174"}],"curies":[{"name":"wp","href":"https:\/\/api.w.org\/{rel}","templated":true}]}}