{"id":1062,"date":"2026-01-15T18:52:12","date_gmt":"2026-01-15T18:52:12","guid":{"rendered":"https:\/\/am.cloudnine.com.do\/a-propos-de-nous\/"},"modified":"2026-02-19T17:10:13","modified_gmt":"2026-02-19T17:10:13","slug":"a-propos-de-nous","status":"publish","type":"page","link":"https:\/\/www.anamagnolia.org\/fr\/a-propos-de-nous\/","title":{"rendered":"A propos"},"content":{"rendered":"<p>[et_pb_section fb_built=\u00a0\u00bb1&Prime; admin_label=\u00a0\u00bbHeader\u00a0\u00bb _builder_version=\u00a0\u00bb4.27.5&Prime; _module_preset=\u00a0\u00bbdefault\u00a0\u00bb use_background_color_gradient=\u00a0\u00bbon\u00a0\u00bb background_color_gradient_stops=\u00a0\u00bbrgba(53,87,167,0.5) 0%|gcid-0d4be82b-a635-49c2-bf73-b2becd969c08 100%\u00a0\u00bb background_color_gradient_overlays_image=\u00a0\u00bbon\u00a0\u00bb background_image=\u00a0\u00bbhttp:\/\/am.cloudnine.com.do\/wp-content\/uploads\/2026\/01\/attorney-14.jpg\u00a0\u00bb locked=\u00a0\u00bboff\u00a0\u00bb collapsed=\u00a0\u00bbon\u00a0\u00bb global_colors_info=\u00a0\u00bb{%22gcid-9fa4a1b6-767d-41ca-984c-a6f10449c843%22:%91%22background_color_gradient_stops%22%93,%22gcid-0d4be82b-a635-49c2-bf73-b2becd969c08%22:%91%22background_color_gradient_stops%22%93}\u00a0\u00bb][et_pb_row _builder_version=\u00a0\u00bb4.20.0&Prime; _module_preset=\u00a0\u00bbdefault\u00a0\u00bb global_colors_info=\u00a0\u00bb{}\u00a0\u00bb][et_pb_column type=\u00a0\u00bb4_4&Prime; _builder_version=\u00a0\u00bb4.20.0&Prime; _module_preset=\u00a0\u00bbdefault\u00a0\u00bb global_colors_info=\u00a0\u00bb{}\u00a0\u00bb][et_pb_text _builder_version=\u00a0\u00bb4.27.5&Prime; _module_preset=\u00a0\u00bbc0e86039-e36c-4e85-9950-44bc0095cc23&Prime; header_4_text_color=\u00a0\u00bb#FFFFFF\u00a0\u00bb text_orientation=\u00a0\u00bbcenter\u00a0\u00bb custom_margin=\u00a0\u00bb||10px||false|false\u00a0\u00bb global_colors_info=\u00a0\u00bb{%22gcid-2f3f3e09-0a26-4ea7-8906-5e1128945e3f%22:%91%22header_4_text_color%22%93}\u00a0\u00bb]<\/p>\n<h4>A propos de<\/h4>\n<p>[\/et_pb_text][et_pb_image src=\u00a0\u00bbhttp:\/\/am.cloudnine.com.do\/wp-content\/uploads\/2026\/01\/attorney-1.png\u00a0\u00bb title_text=\u00a0\u00bbavocat-1&Prime; _builder_version=\u00a0\u00bb4.20.0&Prime; _module_preset=\u00a0\u00bbdefault\u00a0\u00bb max_width=\u00a0\u00bb130px\u00a0\u00bb module_alignment=\u00a0\u00bbcenter\u00a0\u00bb global_colors_info=\u00a0\u00bb{}\u00a0\u00bb][\/et_pb_image][et_pb_text _builder_version=\u00a0\u00bb4.27.5&Prime; _module_preset=\u00a0\u00bb4a38fc07-11bd-4b3a-b799-56114a4313c0&Prime; header_text_color=\u00a0\u00bb#FFFFFF\u00a0\u00bb text_orientation=\u00a0\u00bbcenter\u00a0\u00bb global_colors_info=\u00a0\u00bb{%22gcid-11d3dbbb-f6dc-4fb8-929b-9d6994368d00%22:%91%22header_text_color%22%93}\u00a0\u00bb]<\/p>\n<h1>parcours professioNnel<\/h1>\n<p>[\/et_pb_text][\/et_pb_column][\/et_pb_row][\/et_pb_section][et_pb_section fb_built=\u00a0\u00bb1&Prime; admin_label=\u00a0\u00bbAbout\u00a0\u00bb _builder_version=\u00a0\u00bb4.27.5&Prime; _module_preset=\u00a0\u00bbdefault\u00a0\u00bb background_color=\u00a0\u00bbgcid-0d4be82b-a635-49c2-bf73-b2becd969c08&Prime; locked=\u00a0\u00bboff\u00a0\u00bb collapsed=\u00a0\u00bbon\u00a0\u00bb global_colors_info=\u00a0\u00bb{%22gcid-0d4be82b-a635-49c2-bf73-b2becd969c08%22:%91%22background_color%22%93}\u00a0\u00bb][et_pb_row column_structure=\u00a0\u00bb1_2,1_2&Prime; make_equal=\u00a0\u00bbon\u00a0\u00bb _builder_version=\u00a0\u00bb4.27.5&Prime; _module_preset=\u00a0\u00bbdefault\u00a0\u00bb global_colors_info=\u00a0\u00bb{}\u00a0\u00bb][et_pb_column type=\u00a0\u00bb1_2&Prime; _builder_version=\u00a0\u00bb4.27.5&Prime; _module_preset=\u00a0\u00bbdefault\u00a0\u00bb background_image=\u00a0\u00bbhttp:\/\/am.cloudnine.com.do\/wp-content\/uploads\/2026\/01\/mendez-magnolia-570&#215;760-1.jpg\u00a0\u00bb filter_saturate=\u00a0\u00bb0%\u00a0\u00bb global_colors_info=\u00a0\u00bb{}\u00a0\u00bb][et_pb_image src=\u00a0\u00bbhttp:\/\/am.cloudnine.com.do\/wp-content\/uploads\/2026\/02\/WhatsApp-Image-2024-08-13-at-11.08.46-2-1-1.jpeg\u00a0\u00bb title_text=\u00a0\u00bbWhatsApp Image 2024-08-13 \u00e0 11.08.46 (2) (1)\u00a0\u00bb _builder_version=\u00a0\u00bb4.27.5&Prime; _module_preset=\u00a0\u00bbdefault\u00a0\u00bb filter_saturate=\u00a0\u00bb0%\u00a0\u00bb global_colors_info=\u00a0\u00bb{}\u00a0\u00bb][\/et_pb_image][\/et_pb_column][et_pb_column type=\u00a0\u00bb1_2&Prime; _builder_version=\u00a0\u00bb4.20.0&Prime; _module_preset=\u00a0\u00bbdefault\u00a0\u00bb global_colors_info=\u00a0\u00bb{}\u00a0\u00bb][et_pb_text _builder_version=\u00a0\u00bb4.27.5&Prime; _module_preset=\u00a0\u00bbea2534fb-cc86-48e3-9b38-0a11190c7bbb\u00a0\u00bb header_2_text_color=\u00a0\u00bb#FFFFFF\u00a0\u00bb global_colors_info=\u00a0\u00bb{%22gcid-11d3dbbb-f6dc-4fb8-929b-9d6994368d00%22:%91%22header_2_text_color%22%93}\u00a0\u00bb]<\/p>\n<div class=\"et_pb_module et_pb_heading et_pb_heading_4 et_pb_bg_layout_\">\n<div class=\"et_pb_heading_container\">\n<h2 class=\"et_pb_module_heading\">Exp\u00e9rience professionnelle<\/h2>\n<\/div>\n<\/div>\n<p>[\/et_pb_text][et_pb_text _builder_version=\u00a0\u00bb4.27.5&Prime; _module_preset=\u00a0\u00bba2667fc3-2c0a-479f-ab4a-c8de46ad4dc2&Prime; text_text_color=\u00a0\u00bb#FFFFFF\u00a0\u00bb locked=\u00a0\u00bboff\u00a0\u00bb global_colors_info=\u00a0\u00bb{}\u00a0\u00bb]<\/p>\n<div class=\"flex flex-col text-sm pb-25\">\n<article class=\"text-token-text-primary w-full focus:outline-none [--shadow-height:45px] has-data-writing-block:pointer-events-none has-data-writing-block:-mt-(--shadow-height) has-data-writing-block:pt-(--shadow-height) [&amp;:has([data-writing-block])&gt;*]:pointer-events-auto scroll-mt-[calc(var(--header-height)+min(200px,max(70px,20svh)))]\" dir=\"auto\" data-turn-id=\"request-697140f1-399c-832a-9014-524418d9929c-3\" data-testid=\"conversation-turn-200\" data-scroll-anchor=\"true\" data-turn=\"assistant\" tabindex=\"-1\">\n<div class=\"text-base my-auto mx-auto pb-10 [--thread-content-margin:--spacing(4)] @w-sm\/main:[--thread-content-margin:--spacing(6)] @w-lg\/main:[--thread-content-margin:--spacing(16)] px-(--thread-content-margin)\">\n<div class=\"[--thread-content-max-width:40rem] @w-lg\/main:[--thread-content-max-width:48rem] mx-auto max-w-(--thread-content-max-width) flex-1 group\/turn-messages focus-visible:outline-hidden relative flex w-full min-w-0 flex-col agent-turn\" tabindex=\"-1\">\n<div class=\"flex max-w-full flex-col grow\">\n<div data-message-author-role=\"assistant\" data-message-id=\"6ff406dd-3d3a-436d-8ac0-90786f11bc99\" dir=\"auto\" class=\"min-h-8 text-message relative flex w-full flex-col items-end gap-2 text-start break-words whitespace-normal [.text-message+&amp;]:mt-1\" data-message-model-slug=\"gpt-5-2\">\n<div class=\"flex w-full flex-col gap-1 empty:hidden first:pt-[1px]\">\n<div class=\"markdown prose dark:prose-invert w-full wrap-break-word dark markdown-new-styling\">\n<p data-start=\"215\" data-end=\"545\">Je suis <strong data-start=\"220\" data-end=\"251\">Ana Magnolia M\u00e9ndez Cabrera<\/strong>. Avant tout titre professionnel, je suis une femme dominicaine qui croit en J\u00e9sus-Christ, une m\u00e8re, une \u00e9pouse et une fille. Ces dimensions de ma vie ne se concurrencent pas, elles se compl\u00e8tent et donnent un sens \u00e0 ma fa\u00e7on d&rsquo;habiter le monde et d&rsquo;exercer ma vocation professionnelle.  <\/p>\n<p data-start=\"547\" data-end=\"945\">Je suis titulaire d&rsquo;une licence en droit de l&rsquo;<strong data-start=\"576\" data-end=\"608\">Universidad Central del Este<\/strong>, dans ma ville natale de San Pedro de Macor\u00eds, o\u00f9 j&rsquo;ai obtenu la mention <em data-start=\"668\" data-end=\"685\">Magna Cum Laude<\/em> en 2002. J&rsquo;ai ensuite obtenu deux masters : l&rsquo;un en <strong data-start=\"742\" data-end=\"783\">droit des affaires et l\u00e9gislation \u00e9conomique<\/strong> \u00e0 la <strong data-start=\"791\" data-end=\"842\">Pontificia Universidad Cat\u00f3lica Madre y Maestra<\/strong>, et l&rsquo;autre en <strong data-start=\"859\" data-end=\"900\">administration de la justice constitutionnelle<\/strong> \u00e0 l&rsquo;<strong data-start=\"908\" data-end=\"944\">\u00c9cole nationale de la magistrature<\/strong>. <\/p>\n<p data-start=\"547\" data-end=\"945\">Depuis 2006, j&rsquo;exerce des fonctions judiciaires \u00e0 Saint-Domingue, Distrito Nacional. \u00c0 partir de 2007, j&rsquo;ai travaill\u00e9 au sein de la <strong data-start=\"1075\" data-end=\"1103\">juridiction immobili\u00e8re<\/strong> et, depuis 2016, j&rsquo;exerce les fonctions de juge du <strong data-start=\"1153\" data-end=\"1202\">tribunal foncier sup\u00e9rieur du d\u00e9partement central<\/strong>. <\/p>\n<p data-start=\"547\" data-end=\"945\">\n<p data-start=\"547\" data-end=\"945\">\n<\/div>\n<\/div>\n<\/div>\n<\/div>\n<div class=\"z-0 flex min-h-[46px] justify-start\"><\/div>\n<div class=\"mt-3 w-full empty:hidden\">\n<div class=\"text-center\"><\/div>\n<\/div>\n<\/div>\n<\/div>\n<\/article>\n<\/div>\n<div aria-hidden=\"true\" data-edge=\"true\" class=\"pointer-events-none h-px w-px absolute bottom-0\"><\/div>\n<p>[\/et_pb_text][\/et_pb_column][\/et_pb_row][\/et_pb_section][et_pb_section fb_built=\u00a0\u00bb1&Prime; specialty=\u00a0\u00bbon\u00a0\u00bb admin_label=\u00a0\u00bbFeatures\u00a0\u00bb _builder_version=\u00a0\u00bb4.27.5&Prime; _module_preset=\u00a0\u00bbdefault\u00a0\u00bb background_color=\u00a0\u00bb#FFFFFF\u00a0\u00bb collapsed=\u00a0\u00bbon\u00a0\u00bb global_colors_info=\u00a0\u00bb{}\u00a0\u00bb][et_pb_column type=\u00a0\u00bb1_2&Prime; _builder_version=\u00a0\u00bb4.16&Prime; _module_preset=\u00a0\u00bbdefault\u00a0\u00bb custom_padding=\u00a0\u00bb|||\u00a0\u00bb global_colors_info=\u00a0\u00bb{}\u00a0\u00bb custom_padding__hover=\u00a0\u00bb|||\u00a0\u00bb][et_pb_text _builder_version=\u00a0\u00bb4.27.5&Prime; _module_preset=\u00a0\u00bba2667fc3-2c0a-479f-ab4a-c8de46ad4dc2&Prime; text_text_color=\u00a0\u00bb#3557A7&Prime; custom_padding=\u00a0\u00bb|||0px||\u00a0\u00bb global_colors_info=\u00a0\u00bb{}\u00a0\u00bb]<\/p>\n<p data-start=\"1205\" data-end=\"1747\">Dans ma pratique professionnelle, je m&rsquo;int\u00e9resse particuli\u00e8rement \u00e0 la mani\u00e8re dont le droit est con\u00e7u, argument\u00e9 et communiqu\u00e9. Je me pr\u00e9occupe beaucoup de la qualit\u00e9 du raisonnement judiciaire et de l&rsquo;utilisation responsable du langage juridique &#8211; au-del\u00e0 de la simple correction grammaticale ou stylistique. Je suis particuli\u00e8rement attentif \u00e0 l&rsquo;impact humain des d\u00e9cisions judiciaires. Je con\u00e7ois le r\u00f4le judiciaire non seulement comme l&rsquo;application de normes juridiques, mais aussi comme l&rsquo;exercice de la rationalit\u00e9 et de la responsabilit\u00e9 institutionnelle, pleinement conscient du pouvoir que les juges exercent sur la vie des gens.   <\/p>\n<p data-start=\"1749\" data-end=\"2339\">J&rsquo;aime \u00e9crire et j&rsquo;aime enseigner. Je suis professeur de diverses mati\u00e8res dans plusieurs universit\u00e9s de la R\u00e9publique dominicaine, en particulier dans les domaines du <strong data-start=\"1905\" data-end=\"1924\">droit immobilier<\/strong> et du <strong data-start=\"1929\" data-end=\"1972\">droit des transferts \u00e0 titre gratuit et des successions<\/strong>. L&rsquo;une des exp\u00e9riences d&rsquo;enseignement que j&rsquo;appr\u00e9cie le plus est de guider les \u00e9tudiants dans la r\u00e9daction de leur m\u00e9moire de licence ou de master, peut-\u00eatre parce que cet espace r\u00e9unit deux de mes plus grandes passions : l&rsquo;enseignement et l&rsquo;\u00e9criture. Je pense que l&rsquo;enseignement juridique va au-del\u00e0 de la transmission d&rsquo;un contenu ; il devrait favoriser la pens\u00e9e critique, la clart\u00e9 de l&rsquo;argumentation et le d\u00e9veloppement humain.   <\/p>\n<p data-start=\"540\" data-end=\"632\" data-is-last-node=\"\" data-is-only-node=\"\">[\/et_pb_text][\/et_pb_column][et_pb_column type=\u00a0\u00bb1_2&Prime; specialty_columns=\u00a0\u00bb2&Prime; _builder_version=\u00a0\u00bb4.16&Prime; _module_preset=\u00a0\u00bbdefault\u00a0\u00bb custom_padding=\u00a0\u00bb|||\u00a0\u00bb global_colors_info=\u00a0\u00bb{}\u00a0\u00bb custom_padding__hover=\u00a0\u00bb|||\u00a0\u00bb][et_pb_row_inner use_custom_gutter=\u00a0\u00bbon\u00a0\u00bb gutter_width=\u00a0\u00bb1&Prime; _builder_version=\u00a0\u00bb4.27.5&Prime; _module_preset=\u00a0\u00bbdefault\u00a0\u00bb locked=\u00a0\u00bboff\u00a0\u00bb global_colors_info=\u00a0\u00bb{}\u00a0\u00bb][et_pb_column_inner saved_specialty_column_type=\u00a0\u00bb1_2&Prime; _builder_version=\u00a0\u00bb4.27.5&Prime; _module_preset=\u00a0\u00bbdefault\u00a0\u00bb global_colors_info=\u00a0\u00bb{}\u00a0\u00bb][et_pb_image src=\u00a0\u00bbhttp:\/\/am.cloudnine.com.do\/wp-content\/uploads\/2026\/02\/pexels-sora-shimazaki-5668882-scaled.jpg\u00a0\u00bb title_text=\u00a0\u00bbpexels-sora-shimazaki-5668882&Prime; _builder_version=\u00a0\u00bb4.27.5&Prime; _module_preset=\u00a0\u00bbdefault\u00a0\u00bb filter_saturate=\u00a0\u00bb0%\u00a0\u00bb global_colors_info=\u00a0\u00bb{}\u00a0\u00bb][\/et_pb_image][\/et_pb_column_inner][\/et_pb_row_inner][\/et_pb_column][\/et_pb_section][et_pb_section fb_built=\u00a0\u00bb1&Prime; admin_label=\u00a0\u00bbAbout\u00a0\u00bb _builder_version=\u00a0\u00bb4.27.5&Prime; _module_preset=\u00a0\u00bbdefault\u00a0\u00bb background_color=\u00a0\u00bbgcid-0d4be82b-a635-49c2-bf73-b2becd969c08&Prime; locked=\u00a0\u00bboff\u00a0\u00bb collapsed=\u00a0\u00bboff\u00a0\u00bb global_colors_info=\u00a0\u00bb{%22gcid-0d4be82b-a635-49c2-bf73-b2becd969c08%22:%91%22background_color%22%93}\u00a0\u00bb][et_pb_row column_structure=\u00a0\u00bb1_2,1_2&Prime; make_equal=\u00a0\u00bbon\u00a0\u00bb _builder_version=\u00a0\u00bb4.27.5&Prime; _module_preset=\u00a0\u00bbdefault\u00a0\u00bb global_colors_info=\u00a0\u00bb{}\u00a0\u00bb][et_pb_column type=\u00a0\u00bb1_2&Prime; _builder_version=\u00a0\u00bb4.27.5&Prime; _module_preset=\u00a0\u00bbdefault\u00a0\u00bb background_enable_image=\u00a0\u00bboff\u00a0\u00bb filter_saturate=\u00a0\u00bb0%\u00a0\u00bb global_colors_info=\u00a0\u00bb{}\u00a0\u00bb][et_pb_image src=\u00a0\u00bbhttp:\/\/am.cloudnine.com.do\/wp-content\/uploads\/2026\/02\/pexels-pixabay-433333-scaled.jpg\u00a0\u00bb title_text=\u00a0\u00bbpexels-pixabay-433333&Prime; _builder_version=\u00a0\u00bb4.27.5&Prime; _module_preset=\u00a0\u00bbdefault\u00a0\u00bb filter_saturate=\u00a0\u00bb0%\u00a0\u00bb global_colors_info=\u00a0\u00bb{}\u00a0\u00bb][\/et_pb_image][\/et_pb_column][et_pb_column type=\u00a0\u00bb1_2&Prime; _builder_version=\u00a0\u00bb4.20.0&Prime; _module_preset=\u00a0\u00bbdefault\u00a0\u00bb global_colors_info=\u00a0\u00bb{}\u00a0\u00bb][et_pb_text _builder_version=\u00a0\u00bb4.27.5&Prime; _module_preset=\u00a0\u00bba2667fc3-2c0a-479f-ab4a-c8de46ad4dc2&Prime; text_text_color=\u00a0\u00bb#FFFFFF\u00a0\u00bb locked=\u00a0\u00bboff\u00a0\u00bb global_colors_info=\u00a0\u00bb{}\u00a0\u00bb]<\/p>\n<div class=\"flex flex-col text-sm pb-25\">\n<article class=\"text-token-text-primary w-full focus:outline-none [--shadow-height:45px] has-data-writing-block:pointer-events-none has-data-writing-block:-mt-(--shadow-height) has-data-writing-block:pt-(--shadow-height) [&amp;:has([data-writing-block])&gt;*]:pointer-events-auto scroll-mt-[calc(var(--header-height)+min(200px,max(70px,20svh)))]\" dir=\"auto\" data-turn-id=\"request-697140f1-399c-832a-9014-524418d9929c-3\" data-testid=\"conversation-turn-200\" data-scroll-anchor=\"true\" data-turn=\"assistant\" tabindex=\"-1\">\n<div class=\"text-base my-auto mx-auto pb-10 [--thread-content-margin:--spacing(4)] @w-sm\/main:[--thread-content-margin:--spacing(6)] @w-lg\/main:[--thread-content-margin:--spacing(16)] px-(--thread-content-margin)\">\n<div class=\"[--thread-content-max-width:40rem] @w-lg\/main:[--thread-content-max-width:48rem] mx-auto max-w-(--thread-content-max-width) flex-1 group\/turn-messages focus-visible:outline-hidden relative flex w-full min-w-0 flex-col agent-turn\" tabindex=\"-1\">\n<div class=\"flex max-w-full flex-col grow\">\n<div data-message-author-role=\"assistant\" data-message-id=\"6ff406dd-3d3a-436d-8ac0-90786f11bc99\" dir=\"auto\" class=\"min-h-8 text-message relative flex w-full flex-col items-end gap-2 text-start break-words whitespace-normal [.text-message+&amp;]:mt-1\" data-message-model-slug=\"gpt-5-2\">\n<div class=\"flex w-full flex-col gap-1 empty:hidden first:pt-[1px]\">\n<div class=\"markdown prose dark:prose-invert w-full wrap-break-word dark markdown-new-styling\">\n<p data-start=\"2341\" data-end=\"2873\">L&rsquo;\u00e9criture cr\u00e9ative est un \u00e9l\u00e9ment essentiel de ma fa\u00e7on de comprendre et d&rsquo;appr\u00e9hender la r\u00e9alit\u00e9. Je suis nouvelliste et, en 2023, j&rsquo;ai publi\u00e9 <em data-start=\"2475\" data-end=\"2488\">Loose Pages<\/em>, un recueil de nouvelles qui me tient particuli\u00e8rement \u00e0 c\u0153ur parce qu&rsquo;il repr\u00e9sente une dimension intime et r\u00e9flexive de mon parcours personnel et professionnel. En 2021, j&rsquo;ai d\u00e9cid\u00e9 de donner plus de structure et de profondeur \u00e0 cette passion en suivant une sp\u00e9cialisation en <strong data-start=\"2748\" data-end=\"2777\">enseignement de l&rsquo;\u00e9criture cr\u00e9ative<\/strong> \u00e0 la <strong data-start=\"2785\" data-end=\"2820\">Escuela de Escritores de Madrid<\/strong>, en collaboration avec l&rsquo;<strong data-start=\"2848\" data-end=\"2872\">Universit\u00e9 d&rsquo;Alcal\u00e1<\/strong>.  <\/p>\n<p data-start=\"2875\" data-end=\"3055\">Pour moi, la litt\u00e9rature n&rsquo;est pas s\u00e9par\u00e9e du droit ; c&rsquo;est plut\u00f4t un espace qui permet d&rsquo;approfondir notre compr\u00e9hension de l&rsquo;exp\u00e9rience humaine, si profond\u00e9ment ancr\u00e9e dans toutes les pratiques juridiques.<\/p>\n<p data-start=\"3057\" data-end=\"3596\">Tant dans mon r\u00f4le de juge que dans ma vocation d&rsquo;\u00e9ducateur, je con\u00e7ois l&rsquo;apprentissage comme un processus qui dure toute la vie. Guid\u00e9 par cette conviction, je suis toujours engag\u00e9 dans une forme ou une autre d&rsquo;\u00e9tude ou de formation. En 2023, j&rsquo;ai commenc\u00e9 un <strong data-start=\"3263\" data-end=\"3283\">doctorat en droit<\/strong> dans le cadre d&rsquo;un programme conjoint entre la <strong data-start=\"3319\" data-end=\"3370\">Pontificia Universidad Cat\u00f3lica Madre y Maestra<\/strong> et l&rsquo;<strong data-start=\"3379\" data-end=\"3416\">Universidad Externado de Colombia<\/strong>, une \u00e9tape que je vis comme un espace de croissance intellectuelle, humaine et professionnelle, visant \u00e0 continuer \u00e0 d\u00e9velopper une pratique juridique de plus en plus consciente, r\u00e9fl\u00e9chie et humaine.  <\/p>\n<p data-start=\"3598\" data-end=\"3774\">Cet espace est n\u00e9 d&rsquo;un d\u00e9sir de partager mes r\u00e9flexions juridiques, mes \u00e9crits et mes nouvelles, et de leur donner une place vivante dans mon parcours professionnel et cr\u00e9atif.<\/p>\n<p data-start=\"547\" data-end=\"945\">\n<p data-start=\"547\" data-end=\"945\">\n<\/div>\n<\/div>\n<\/div>\n<\/div>\n<div class=\"z-0 flex min-h-[46px] justify-start\"><\/div>\n<div class=\"mt-3 w-full empty:hidden\">\n<div class=\"text-center\"><\/div>\n<\/div>\n<\/div>\n<\/div>\n<\/article>\n<\/div>\n<div aria-hidden=\"true\" data-edge=\"true\" class=\"pointer-events-none h-px w-px absolute bottom-0\"><\/div>\n<p>[\/et_pb_text][\/et_pb_column][\/et_pb_row][\/et_pb_section][et_pb_section fb_built=\u00a0\u00bb1&Prime; specialty=\u00a0\u00bbon\u00a0\u00bb admin_label=\u00a0\u00bbFeatures\u00a0\u00bb _builder_version=\u00a0\u00bb4.27.5&Prime; _module_preset=\u00a0\u00bbdefault\u00a0\u00bb background_color=\u00a0\u00bb#FFFFFF\u00a0\u00bb collapsed=\u00a0\u00bbon\u00a0\u00bb global_colors_info=\u00a0\u00bb{}\u00a0\u00bb][et_pb_column type=\u00a0\u00bb1_2&Prime; _builder_version=\u00a0\u00bb4.16&Prime; _module_preset=\u00a0\u00bbdefault\u00a0\u00bb custom_padding=\u00a0\u00bb|||\u00a0\u00bb global_colors_info=\u00a0\u00bb{}\u00a0\u00bb custom_padding__hover=\u00a0\u00bb|||\u00a0\u00bb][et_pb_text _builder_version=\u00a0\u00bb4.27.5&Prime; _module_preset=\u00a0\u00bbea2534fb-cc86-48e3-9b38-0a11190c7bbb\u00a0\u00bb header_2_text_color=\u00a0\u00bb#000000&Prime; global_colors_info=\u00a0\u00bb{}\u00a0\u00bb]<\/p>\n<h2>Juge. Professeur. Conteur.  <\/h2>\n<p>[\/et_pb_text][et_pb_image src=\u00a0\u00bbhttp:\/\/am.cloudnine.com.do\/wp-content\/uploads\/2026\/01\/attorney-2.png\u00a0\u00bb title_text=\u00a0\u00bbavocat-2&Prime; _builder_version=\u00a0\u00bb4.27.5&Prime; _module_preset=\u00a0\u00bbdefault\u00a0\u00bb max_width=\u00a0\u00bb65px\u00a0\u00bb global_colors_info=\u00a0\u00bb{}\u00a0\u00bb][\/et_pb_image][et_pb_text _builder_version=\u00a0\u00bb4.27.5&Prime; _module_preset=\u00a0\u00bba2667fc3-2c0a-479f-ab4a-c8de46ad4dc2&Prime; text_text_color=\u00a0\u00bb#000000&Prime; global_colors_info=\u00a0\u00bb{}\u00a0\u00bb]<\/p>\n<blockquote data-start=\"65\" data-end=\"538\">\n<p data-start=\"67\" data-end=\"538\"><strong data-start=\"67\" data-end=\"111\">Juge, professeur et nouvelliste<\/strong>, sa carri\u00e8re oscille entre la rigueur du droit, un engagement profond dans l&rsquo;enseignement et la sensibilit\u00e9 de la litt\u00e9rature. De la salle d&rsquo;audience et de la salle de classe, elle a d\u00e9velopp\u00e9 une perspective critique et humaine qui trouve dans l&rsquo;\u00e9criture un espace de m\u00e9moire et de libert\u00e9 cr\u00e9ative. Dans <em data-start=\"377\" data-end=\"390\">Loose Pages<\/em>, son premier recueil de nouvelles, l&rsquo;imagination et l&rsquo;exp\u00e9rience convergent pour donner voix \u00e0 des histoires fa\u00e7onn\u00e9es par l&rsquo;enfance, le temps et la condition humaine.  <\/p>\n<\/blockquote>\n<p data-start=\"540\" data-end=\"632\" data-is-last-node=\"\" data-is-only-node=\"\">\n<p>[\/et_pb_text][et_pb_button button_url=\u00a0\u00bbhttps:\/\/am.cloudnine.com.do\/publications\/\u00a0\u00bb button_text=\u00a0\u00bbMon livre\u00a0\u00bb _builder_version=\u00a0\u00bb4.27.5&Prime; _module_preset=\u00a0\u00bbf901c0e3-1fab-4e19-9400-935779a2c36d\u00a0\u00bb button_text_color=\u00a0\u00bb#000000&Prime; button_border_color=\u00a0\u00bb#000000&Prime; global_colors_info=\u00a0\u00bb{}\u00a0\u00bb][\/et_pb_button][\/et_pb_column][et_pb_column type=\u00a0\u00bb1_2&Prime; specialty_columns=\u00a0\u00bb2&Prime; _builder_version=\u00a0\u00bb4.16&Prime; _module_preset=\u00a0\u00bbdefault\u00a0\u00bb custom_padding=\u00a0\u00bb|||\u00a0\u00bb global_colors_info=\u00a0\u00bb{}\u00a0\u00bb custom_padding__hover=\u00a0\u00bb|||\u00a0\u00bb][et_pb_row_inner use_custom_gutter=\u00a0\u00bbon\u00a0\u00bb gutter_width=\u00a0\u00bb1&Prime; _builder_version=\u00a0\u00bb4.27.5&Prime; _module_preset=\u00a0\u00bbdefault\u00a0\u00bb locked=\u00a0\u00bboff\u00a0\u00bb global_colors_info=\u00a0\u00bb{}\u00a0\u00bb][et_pb_column_inner saved_specialty_column_type=\u00a0\u00bb1_2&Prime; _builder_version=\u00a0\u00bb4.20.0&Prime; _module_preset=\u00a0\u00bbdefault\u00a0\u00bb global_colors_info=\u00a0\u00bb{}\u00a0\u00bb][et_pb_image src=\u00a0\u00bbhttp:\/\/am.cloudnine.com.do\/wp-content\/uploads\/2026\/01\/81nCj1fugjL._SY522_.jpg\u00a0\u00bb title_text=\u00a0\u00bb81nCj1fugjL._SY522_\u00a0\u00bb force_fullwidth=\u00a0\u00bbon\u00a0\u00bb _builder_version=\u00a0\u00bb4.27.5&Prime; _module_preset=\u00a0\u00bbdefault\u00a0\u00bb min_height=\u00a0\u00bb100%\u00a0\u00bb global_colors_info=\u00a0\u00bb{}\u00a0\u00bb][\/et_pb_image][\/et_pb_column_inner][\/et_pb_row_inner][\/et_pb_column][\/et_pb_section]<\/p>\n","protected":false},"excerpt":{"rendered":"<p>A propos deparcours professioNnel Exp\u00e9rience professionnelle Je suis Ana Magnolia M\u00e9ndez Cabrera. Avant tout titre professionnel, je suis une femme dominicaine qui croit en J\u00e9sus-Christ, une m\u00e8re, une \u00e9pouse et une fille. Ces dimensions de ma vie ne se concurrencent pas, elles se compl\u00e8tent et donnent un sens \u00e0 ma fa\u00e7on d&rsquo;habiter le monde et [&hellip;]<\/p>\n","protected":false},"author":1,"featured_media":0,"parent":0,"menu_order":0,"comment_status":"closed","ping_status":"closed","template":"","meta":{"_et_pb_use_builder":"on","_et_pb_old_content":"","_et_gb_content_width":"","footnotes":""},"class_list":["post-1062","page","type-page","status-publish","hentry"],"_links":{"self":[{"href":"https:\/\/www.anamagnolia.org\/fr\/wp-json\/wp\/v2\/pages\/1062","targetHints":{"allow":["GET"]}}],"collection":[{"href":"https:\/\/www.anamagnolia.org\/fr\/wp-json\/wp\/v2\/pages"}],"about":[{"href":"https:\/\/www.anamagnolia.org\/fr\/wp-json\/wp\/v2\/types\/page"}],"author":[{"embeddable":true,"href":"https:\/\/www.anamagnolia.org\/fr\/wp-json\/wp\/v2\/users\/1"}],"replies":[{"embeddable":true,"href":"https:\/\/www.anamagnolia.org\/fr\/wp-json\/wp\/v2\/comments?post=1062"}],"version-history":[{"count":5,"href":"https:\/\/www.anamagnolia.org\/fr\/wp-json\/wp\/v2\/pages\/1062\/revisions"}],"predecessor-version":[{"id":1357,"href":"https:\/\/www.anamagnolia.org\/fr\/wp-json\/wp\/v2\/pages\/1062\/revisions\/1357"}],"wp:attachment":[{"href":"https:\/\/www.anamagnolia.org\/fr\/wp-json\/wp\/v2\/media?parent=1062"}],"curies":[{"name":"wp","href":"https:\/\/api.w.org\/{rel}","templated":true}]}}