{"id":1177,"date":"2026-01-19T21:27:04","date_gmt":"2026-01-19T21:27:04","guid":{"rendered":"https:\/\/am.cloudnine.com.do\/publicaciones\/"},"modified":"2026-02-19T16:26:44","modified_gmt":"2026-02-19T16:26:44","slug":"publicaciones","status":"publish","type":"page","link":"https:\/\/www.anamagnolia.org\/es\/publicaciones\/","title":{"rendered":"Publicaciones"},"content":{"rendered":"<p>[et_pb_section fb_built=\u00bb1&#8243; admin_label=\u00bbHeader\u00bb _builder_version=\u00bb4.27.5&#8243; _module_preset=\u00bbdefault\u00bb background_enable_color=\u00bboff\u00bb use_background_color_gradient=\u00bbon\u00bb background_color_gradient_stops=\u00bbrgba(53,87,167,0.5) 0%|#3557a7 100%\u00bb background_color_gradient_overlays_image=\u00bbon\u00bb background_image=\u00bbhttp:\/\/am.cloudnine.com.do\/wp-content\/uploads\/2026\/01\/attorney-21.jpg\u00bb locked=\u00bboff\u00bb collapsed=\u00bbon\u00bb global_colors_info=\u00bb{}\u00bb][et_pb_row _builder_version=\u00bb4.20.0&#8243; _module_preset=\u00bbdefault\u00bb global_colors_info=\u00bb{}\u00bb][et_pb_column type=\u00bb4_4&#8243; _builder_version=\u00bb4.20.0&#8243; _module_preset=\u00bbdefault\u00bb global_colors_info=\u00bb{}\u00bb][et_pb_text _builder_version=\u00bb4.27.5&#8243; _module_preset=\u00bb74043ddf-8344-4fb3-afc5-1383327db11f\u00bb header_4_text_color=\u00bb#FFFFFF\u00bb text_orientation=\u00bbcenter\u00bb custom_margin=\u00bb||10px||false|false\u00bb global_colors_info=\u00bb{}\u00bb]<\/p>\n<h4>nuestra<\/h4>\n<p>[\/et_pb_text][et_pb_image src=\u00bbhttp:\/\/am.cloudnine.com.do\/wp-content\/uploads\/2026\/01\/attorney-3.png\u00bb title_text=\u00bbabogado-3&#8243; _builder_version=\u00bb4.27.5&#8243; _module_preset=\u00bbdefault\u00bb max_width=\u00bb130px\u00bb module_alignment=\u00bbcenter\u00bb global_colors_info=\u00bb{}\u00bb][\/et_pb_image][et_pb_text _builder_version=\u00bb4.27.5&#8243; _module_preset=\u00bbdc3584ed-61bc-4758-af26-bdef67c2fce4&#8243; text_text_color=\u00bb#FFFFFF\u00bb header_text_color=\u00bb#FFFFFF\u00bb text_orientation=\u00bbcenter\u00bb custom_padding=\u00bb||10px|||\u00bb global_colors_info=\u00bb{}\u00bb]<\/p>\n<h1>Publicaciones<\/h1>\n<p>[\/et_pb_text][\/et_pb_column][\/et_pb_row][\/et_pb_section][et_pb_section fb_built=\u00bb1&#8243; admin_label=\u00bbHeader\u00bb _builder_version=\u00bb4.25.1&#8243; _module_preset=\u00bbdefault\u00bb background_color=\u00bbgcid-545c17f1-4e53-478d-9e2b-03daafc524a2&#8243; use_background_color_gradient=\u00bbon\u00bb background_color_gradient_direction=\u00bb90deg\u00bb background_color_gradient_stops=\u00bbrgba(255,255,255,0) 60%|gcid-2a386b1e-9149-40c6-b24d-5e9fedecf039 60%\u00bb background_last_edited=\u00bbon|desktop\u00bb use_background_color_gradient_tablet=\u00bbon\u00bb use_background_color_gradient_phone=\u00bbon\u00bb background_color_gradient_direction_tablet=\u00bb180deg\u00bb background_color_gradient_stops_tablet=\u00bbrgba(255,255,255,0) 60%|gcid-2a386b1e-9149-40c6-b24d-5e9fedecf039 60%\u00bb background_color_gradient_stops_phone=\u00bbrgba(255,255,255,0) 60%|gcid-2a386b1e-9149-40c6-b24d-5e9fedecf039 60%\u00bb collapsed=\u00bbon\u00bb global_colors_info=\u00bb{%22gcid-545c17f1-4e53-478d-9e2b-03daafc524a2%22:%91%22background_color%22%93}\u00bb][et_pb_row column_structure=\u00bb1_2,1_2&#8243; _builder_version=\u00bb4.27.5&#8243; _module_preset=\u00bbdefault\u00bb global_colors_info=\u00bb{}\u00bb][et_pb_column type=\u00bb1_2&#8243; _builder_version=\u00bb4.25.1&#8243; _module_preset=\u00bbdefault\u00bb custom_padding=\u00bb100px||||false|false\u00bb custom_padding_tablet=\u00bb0px||||false|false\u00bb custom_padding_phone=\u00bb||||false|false\u00bb custom_padding_last_edited=\u00bbon|phone\u00bb global_colors_info=\u00bb{}\u00bb][et_pb_heading title=\u00bbFecha de publicaci\u00f3n: 17 de febrero de 2023&#8243; _builder_version=\u00bb4.27.5&#8243; _module_preset=\u00bb8dc6aeb9-ebe4-4da3-97f4-fadcd8a7844f\u00bb title_font=\u00bbRoboto|500||on|||||\u00bb title_text_color=\u00bbgcid-880c38f1-a6fc-40a7-920b-f6027d5f269c\u00bb locked=\u00bboff\u00bb global_colors_info=\u00bb{%22gcid-880c38f1-a6fc-40a7-920b-f6027d5f269c%22:%91%22title_text_color%22%93}\u00bb][\/et_pb_heading][et_pb_heading title=\u00bbP\u00e1ginas Sueltas  \u00bb _builder_version=\u00bb4.27.5&#8243; _module_preset=\u00bb8d5eabe1-8648-4667-a1ea-ab7610532fff\u00bb title_font=\u00bbNanum Myeongjo||||||||\u00bb custom_margin=\u00bb||10px||false|false\u00bb][\/et_pb_heading][et_pb_text quote_border_color=\u00bb#2f4858&#8243; _builder_version=\u00bb4.27.5&#8243; _module_preset=\u00bb3c1716f5-9abd-4aff-a053-8138e75ef9ad\u00bb text_font=\u00bb||||||||\u00bb quote_text_color=\u00bb#2f4858&#8243; global_colors_info=\u00bb{}\u00bb]<\/p>\n<p data-start=\"97\" data-end=\"433\"><strong data-start=\"97\" data-end=\"433\">En esta primera colecci\u00f3n de relatos, Magnolia no s\u00f3lo da rienda suelta a su prol\u00edfica imaginaci\u00f3n de lectora -que busca razones para todo-, sino que tambi\u00e9n nos lleva de la mano, compartiendo y cautiv\u00e1ndonos a trav\u00e9s de historias que encierran mucho de lo que una vez fuimos, de lo que guardamos y atesoramos en nuestros corazones con alma de ni\u00f1a.<\/strong><\/p>\n<p data-start=\"435\" data-end=\"620\">En algunos relatos, como <em data-start=\"460\" data-end=\"474\">Ojos de vivo<\/em>, <em data-start=\"476\" data-end=\"506\">La herencia del Conde Guzm\u00e1n<\/em> y <em data-start=\"512\" data-end=\"520\">\u00c1lgida<\/em>, hay una mezcla de ficci\u00f3n, miseria humana y ego\u00edsmo que trasciende, evoca e inquieta.<\/p>\n<p data-start=\"622\" data-end=\"812\">Entreteje experiencias vividas y quimeras, mitific\u00e1ndolas de forma magistral, como se ve en <em data-start=\"721\" data-end=\"748\">Encuentro con el galipote<\/em>, <em data-start=\"750\" data-end=\"797\">La leyenda de la culebra de las siete cabezas<\/em> y <em data-start=\"803\" data-end=\"811\">Al mar<\/em>.<\/p>\n<p data-start=\"814\" data-end=\"1008\">Al leer sus narraciones, entramos en su mundo m\u00e1gico no s\u00f3lo a trav\u00e9s de las palabras, sino tambi\u00e9n mediante ilustraciones bellas y significativas, im\u00e1genes que nos transportan v\u00edvidamente a cada lugar que habitan.<\/p>\n<p data-start=\"1010\" data-end=\"1171\">Sin duda, Magnolia ha logrado una obra notable: la realizaci\u00f3n de un sue\u00f1o y, sin esfuerzo, nos convierte en protagonistas y antagonistas del mismo.<\/p>\n<p>[\/et_pb_text][et_pb_button button_url=\u00bbhttps:\/\/www.amazon.com\/P%C3%A1ginas-Sueltas-Spanish-Magnolia-Cabrera-ebook\/dp\/B0BW59KJ61\/ref=sr_1_1?crid=2FNK1X8EMYDLA&amp;dib=eyJ2IjoiMSJ9.AfHfAaAOtzk7Y_YpTNDEIOE-9mCcoEnHpLhhmWQI3Me-kd_EE21cNHU1plD0WNmXWBCHR9NfEkpZJ3-ojcbSDab_PJkDGmZR8sGht-0jcfFjkaMR-f8SMYQpxCLqfHL71Z-uraKHfowC3lPMkAIR0ncHfUtHgMlXogF_2XxYIj1t6Q1S9jVm5Ac0DLzoT7GvuF3e9ARdrTIlA_zdeduV7PJcNzFKCfrYZCo9z5k1ksk.bq0BV5Sp05iKDk-OelJiiZhyuPL1my2lKlclEexQVKc&amp;dib_tag=se&amp;keywords=pagina+suelta&amp;qid=1769452943&amp;sprefix=pagina+suelta+%2Caps%2C165&amp;sr=8-1&#8243; button_text=\u00bbaccede a\u00bb _builder_version=\u00bb4.27.5&#8243; _module_preset=\u00bbf901c0e3-1fab-4e19-9400-935779a2c36d\u00bb button_text_color=\u00bb#000000&#8243; button_border_color=\u00bb#000000&#8243; global_colors_info=\u00bb{}\u00bb][\/et_pb_button][\/et_pb_column][et_pb_column type=\u00bb1_2&#8243; _builder_version=\u00bb4.27.5&#8243; _module_preset=\u00bbdefault\u00bb transform_scale_tablet=\u00bb\u00bb transform_scale_phone=\u00bb\u00bb transform_scale_last_edited=\u00bbon|phone\u00bb transform_translate=\u00bb98px|135px\u00bb transform_translate_tablet=\u00bb98px|135px\u00bb transform_translate_phone=\u00bb0px|42px\u00bb transform_translate_last_edited=\u00bbon|phone\u00bb transform_rotate_tablet=\u00bb\u00bb transform_rotate_phone=\u00bb\u00bb transform_rotate_last_edited=\u00bbon|phone\u00bb transform_skew_tablet=\u00bb\u00bb transform_skew_phone=\u00bb\u00bb transform_skew_last_edited=\u00bbon|phone\u00bb transform_origin_tablet=\u00bb\u00bb transform_origin_phone=\u00bb\u00bb transform_origin_last_edited=\u00bbon|phone\u00bb transform_styles_last_edited=\u00bbon|phone\u00bb transform_styles_tablet=\u00bb\u00bb transform_styles_phone=\u00bb\u00bb global_colors_info=\u00bb{}\u00bb][et_pb_image src=\u00bbhttp:\/\/am.cloudnine.com.do\/wp-content\/uploads\/2026\/01\/81nCj1fugjL._SY522_.jpg\u00bb title_text=\u00bb81nCj1fugjL._SY522_\u00bb align=\u00bbcenter\u00bb _builder_version=\u00bb4.27.5&#8243; _module_preset=\u00bbdefault\u00bb background_color=\u00bb#ffffff\u00bb transform_scale_tablet=\u00bb\u00bb transform_scale_phone=\u00bb\u00bb transform_scale_last_edited=\u00bbon|phone\u00bb transform_translate_tablet=\u00bb\u00bb transform_translate_phone=\u00bb\u00bb transform_translate_last_edited=\u00bbon|phone\u00bb transform_rotate_tablet=\u00bb\u00bb transform_rotate_phone=\u00bb\u00bb transform_rotate_last_edited=\u00bbon|phone\u00bb transform_skew_tablet=\u00bb\u00bb transform_skew_phone=\u00bb\u00bb transform_skew_last_edited=\u00bbon|phone\u00bb transform_origin_tablet=\u00bb\u00bb transform_origin_phone=\u00bb\u00bb transform_origin_last_edited=\u00bbon|phone\u00bb transform_styles_last_edited=\u00bbon|phone\u00bb z_index=\u00bb11&#8243; custom_padding=\u00bb10%|10%|10%|10%|true|true\u00bb custom_padding_tablet=\u00bb10%|10%|10%|10%|true|true\u00bb custom_padding_phone=\u00bb30%|10%|30%|10%|true|true\u00bb custom_padding_last_edited=\u00bbon|phone\u00bb transform_styles_tablet=\u00bb\u00bb transform_styles_phone=\u00bb\u00bb border_width_all=\u00bb16px\u00bb border_color_all=\u00bb#FFFFFF\u00bb box_shadow_style=\u00bbpreset3&#8243; box_shadow_horizontal=\u00bb10px\u00bb box_shadow_vertical=\u00bb40px\u00bb box_shadow_blur=\u00bb40px\u00bb box_shadow_spread=\u00bb10px\u00bb box_shadow_color=\u00bbrgba(0,0,0,0.11)\u00bb global_colors_info=\u00bb{}\u00bb box_shadow_color__hover=\u00bbRGBA(255,255,255,0)\u00bb box_shadow_color__hover_enabled=\u00bbon|hover\u00bb transform_styles__hover_enabled=\u00bbon|hover\u00bb transform_scale__hover=\u00bb99%|99%\u00bb transform_scale__hover_enabled=\u00bbon|hover\u00bb transform_translate__hover_enabled=\u00bbon|hover\u00bb transform_rotate__hover_enabled=\u00bbon|hover\u00bb transform_skew__hover_enabled=\u00bbon|hover\u00bb transform_origin__hover_enabled=\u00bbon|hover\u00bb][\/et_pb_image][\/et_pb_column][\/et_pb_row][\/et_pb_section][et_pb_section fb_built=\u00bb1&#8243; _builder_version=\u00bb4.27.5&#8243; _module_preset=\u00bbdefault\u00bb global_colors_info=\u00bb{}\u00bb][et_pb_row _builder_version=\u00bb4.27.5&#8243; _module_preset=\u00bbdefault\u00bb global_colors_info=\u00bb{}\u00bb][et_pb_column type=\u00bb4_4&#8243; _builder_version=\u00bb4.27.5&#8243; _module_preset=\u00bbdefault\u00bb global_colors_info=\u00bb{}\u00bb][et_pb_text _builder_version=\u00bb4.27.5&#8243; _module_preset=\u00bb3384d1d3-f75c-438a-b838-a53164bc33ad\u00bb header_2_text_align=\u00bbcenter\u00bb module_alignment=\u00bbcenter\u00bb custom_margin=\u00bb||100px||false|false\u00bb global_colors_info=\u00bb{}\u00bb]<\/p>\n<h2>literatura general<\/h2>\n<p>[\/et_pb_text][et_pb_blog posts_number=\u00bb9&#8243; include_categories=\u00bb34&#8243; excerpt_length=\u00bb200&#8243; show_author=\u00bboff\u00bb show_date=\u00bboff\u00bb show_categories=\u00bboff\u00bb show_pagination=\u00bboff\u00bb _builder_version=\u00bb4.27.5&#8243; _module_preset=\u00bb4538aee2-9e7b-4845-a37a-b67e45fd1141&#8243; locked=\u00bboff\u00bb global_colors_info=\u00bb{}\u00bb][\/et_pb_blog][et_pb_text _builder_version=\u00bb4.27.5&#8243; _module_preset=\u00bb3384d1d3-f75c-438a-b838-a53164bc33ad\u00bb header_2_text_align=\u00bbcenter\u00bb module_alignment=\u00bbcenter\u00bb custom_margin=\u00bb100px||100px||true|false\u00bb global_colors_info=\u00bb{}\u00bb]<\/p>\n<h2>legal<br \/>publicaciones<\/h2>\n<p>[\/et_pb_text][et_pb_blog posts_number=\u00bb9&#8243; include_categories=\u00bb36&#8243; excerpt_length=\u00bb200&#8243; show_author=\u00bboff\u00bb show_date=\u00bboff\u00bb show_categories=\u00bboff\u00bb show_pagination=\u00bboff\u00bb _builder_version=\u00bb4.27.5&#8243; _module_preset=\u00bb4538aee2-9e7b-4845-a37a-b67e45fd1141&#8243; hover_enabled=\u00bb0&#8243; locked=\u00bboff\u00bb global_colors_info=\u00bb{}\u00bb sticky_enabled=\u00bb0&#8243;][\/et_pb_blog][\/et_pb_column][\/et_pb_row][\/et_pb_section][et_pb_section fb_built=\u00bb1&#8243; admin_label=\u00bbAbout\u00bb _builder_version=\u00bb4.25.1&#8243; _module_preset=\u00bbdefault\u00bb collapsed=\u00bbon\u00bb global_colors_info=\u00bb{}\u00bb][et_pb_row column_structure=\u00bb1_2,1_2&#8243; _builder_version=\u00bb4.25.1&#8243; _module_preset=\u00bbdefault\u00bb global_colors_info=\u00bb{}\u00bb][et_pb_column type=\u00bb1_2&#8243; _builder_version=\u00bb4.25.1&#8243; _module_preset=\u00bbdefault\u00bb custom_padding=\u00bb|30px|20px|30px|false|true\u00bb custom_padding_tablet=\u00bb|30px|30px|30px|false|true\u00bb custom_padding_phone=\u00bb|20px|20px|20px|false|true\u00bb custom_padding_last_edited=\u00bbon|desktop\u00bb border_width_all=\u00bb2px\u00bb border_color_all=\u00bbrgba(0,0,0,0.12)\u00bb global_colors_info=\u00bb{}\u00bb][et_pb_image src=\u00bbhttp:\/\/am.cloudnine.com.do\/wp-content\/uploads\/2026\/02\/WhatsApp-Image-2024-08-13-at-11.08.46-2-1-1.jpeg\u00bb title_text=\u00bbImagen de WhatsApp 2024-08-13 a las 11.08.46 (2) (1)\u00bb _builder_version=\u00bb4.27.5&#8243; _module_preset=\u00bbdefault\u00bb custom_margin=\u00bb|-30px||-30px|false|true\u00bb custom_margin_tablet=\u00bb|-30px||-30px|false|true\u00bb custom_margin_phone=\u00bb|-20px||-20px|false|true\u00bb custom_margin_last_edited=\u00bbon|desktop\u00bb filter_saturate=\u00bb0%\u00bb locked=\u00bboff\u00bb global_colors_info=\u00bb{}\u00bb][\/et_pb_image][et_pb_heading title=\u00bbMagnolia M\u00e9ndez\u00bb _builder_version=\u00bb4.25.1&#8243; _module_preset=\u00bbb869686f-eb92-4034-aef7-a1a013cfccc0&#8243; title_text_align=\u00bbcenter\u00bb custom_margin=\u00bb||10px||false|false\u00bb locked=\u00bboff\u00bb][\/et_pb_heading][et_pb_heading title=\u00bbAutor\u00bb _builder_version=\u00bb4.25.1&#8243; _module_preset=\u00bb8dc6aeb9-ebe4-4da3-97f4-fadcd8a7844f\u00bb title_text_align=\u00bbcenter\u00bb title_text_color=\u00bbgcid-2a386b1e-9149-40c6-b24d-5e9fedecf039&#8243; custom_margin=\u00bb||||false|false\u00bb locked=\u00bboff\u00bb global_colors_info=\u00bb{%22gcid-2a386b1e-9149-40c6-b24d-5e9fedecf039%22:%91%22title_text_color%22%93}\u00bb][\/et_pb_heading][\/et_pb_column][et_pb_column type=\u00bb1_2&#8243; _builder_version=\u00bb4.25.1&#8243; _module_preset=\u00bbdefault\u00bb custom_padding=\u00bb100px||||false|false\u00bb custom_padding_tablet=\u00bb0px||||false|false\u00bb custom_padding_phone=\u00bb0px||||false|false\u00bb custom_padding_last_edited=\u00bbon|phone\u00bb global_colors_info=\u00bb{}\u00bb][et_pb_heading title=\u00bbMi historia\u00bb _builder_version=\u00bb4.27.5&#8243; _module_preset=\u00bb551e7386-07b6-4385-afad-ad4a368b5753&#8243; title_font=\u00bbNanum Myeongjo||||||||\u00bb custom_margin=\u00bb||10px||false|false\u00bb locked=\u00bboff\u00bb][\/et_pb_heading][et_pb_text quote_border_color=\u00bb#2f4858&#8243; _builder_version=\u00bb4.27.5&#8243; _module_preset=\u00bb3c1716f5-9abd-4aff-a053-8138e75ef9ad\u00bb text_font=\u00bb||||||||\u00bb quote_text_color=\u00bb#2f4858&#8243; locked=\u00bboff\u00bb global_colors_info=\u00bb{}\u00bb]<\/p>\n<div class=\"flex flex-col text-sm pb-25\">\n<article class=\"text-token-text-primary w-full focus:outline-none [--shadow-height:45px] has-data-writing-block:pointer-events-none has-data-writing-block:-mt-(--shadow-height) has-data-writing-block:pt-(--shadow-height) [&amp;:has([data-writing-block])&gt;*]:pointer-events-auto scroll-mt-[calc(var(--header-height)+min(200px,max(70px,20svh)))]\" dir=\"auto\" data-turn-id=\"request-697140f1-399c-832a-9014-524418d9929c-0\" data-testid=\"conversation-turn-228\" data-scroll-anchor=\"true\" data-turn=\"assistant\" tabindex=\"-1\">\n<div class=\"text-base my-auto mx-auto pb-10 [--thread-content-margin:--spacing(4)] @w-sm\/main:[--thread-content-margin:--spacing(6)] @w-lg\/main:[--thread-content-margin:--spacing(16)] px-(--thread-content-margin)\">\n<div class=\"[--thread-content-max-width:40rem] @w-lg\/main:[--thread-content-max-width:48rem] mx-auto max-w-(--thread-content-max-width) flex-1 group\/turn-messages focus-visible:outline-hidden relative flex w-full min-w-0 flex-col agent-turn\" tabindex=\"-1\">\n<div class=\"flex max-w-full flex-col grow\">\n<div data-message-author-role=\"assistant\" data-message-id=\"d1e68c22-e46d-4774-af3e-396a923b1785\" dir=\"auto\" class=\"min-h-8 text-message relative flex w-full flex-col items-end gap-2 text-start break-words whitespace-normal [.text-message+&amp;]:mt-1\" data-message-model-slug=\"gpt-5-2\">\n<div class=\"flex w-full flex-col gap-1 empty:hidden first:pt-[1px]\">\n<div class=\"markdown prose dark:prose-invert w-full wrap-break-word dark markdown-new-styling\">\n<p data-start=\"96\" data-end=\"314\"><strong data-start=\"96\" data-end=\"123\">Magnolia M\u00e9ndez Cabrera<\/strong> es abogada de profesi\u00f3n. Compagina su vida familiar con su trabajo en el Poder Judicial de su pa\u00eds, donde ejerce como magistrada de un tribunal de apelaci\u00f3n en asuntos inmobiliarios y administrativos. <\/p>\n<p data-start=\"316\" data-end=\"428\">Adem\u00e1s, imparte clases de Derecho tanto en la Escuela Nacional de la Magistratura dominicana como a nivel universitario.<\/p>\n<p data-start=\"430\" data-end=\"982\">Desde 2008 es alumna de la Escuela de Escritores, donde ha realizado cursos de Escritura Creativa, Flash Fiction, Relato Breve y Literatura Infantil y Juvenil. Tambi\u00e9n forma parte de la primera promoci\u00f3n del programa de especializaci\u00f3n en Ense\u00f1anza de la Escritura Creativa, impartido conjuntamente por la Escuela de Escritores y la Universidad de Alcal\u00e1. A trav\u00e9s de la Escuela de Escritores, ha colaborado en las publicaciones colectivas de alumnos <em data-start=\"913\" data-end=\"932\">El sue\u00f1o del gato<\/em>, <em data-start=\"934\" data-end=\"950\">Magia sanadora<\/em> y <em data-start=\"956\" data-end=\"981\">Un lugar contra el fr\u00edo<\/em>.  <\/p>\n<p data-start=\"984\" data-end=\"1080\" data-is-last-node=\"\" data-is-only-node=\"\">Si quieres una versi\u00f3n <strong data-start=\"998\" data-end=\"1024\">m\u00e1s corta, m\u00e1s literaria<\/strong> o <strong data-start=\"1029\" data-end=\"1044\">m\u00e1s formal<\/strong>, puedo adaptarla al instante.<\/p>\n<\/div>\n<\/div>\n<\/div>\n<\/div>\n<div class=\"z-0 flex min-h-[46px] justify-start\"><\/div>\n<div class=\"mt-3 w-full empty:hidden\">\n<div class=\"text-center\"><\/div>\n<\/div>\n<\/div>\n<\/div>\n<\/article>\n<\/div>\n<div aria-hidden=\"true\" data-edge=\"true\" class=\"pointer-events-none h-px w-px absolute bottom-0\"><\/div>\n<p>[\/et_pb_text][et_pb_button button_url=\u00bbhttps:\/\/am.cloudnine.com.do\/about-us\/\u00bb button_text=\u00bbSobre m\u00ed \u00bb _builder_version=\u00bb4.27.5&#8243; _module_preset=\u00bbf901c0e3-1fab-4e19-9400-935779a2c36d\u00bb button_text_color=\u00bb#000000&#8243; button_border_color=\u00bb#000000&#8243; global_colors_info=\u00bb{}\u00bb][\/et_pb_button][\/et_pb_column][\/et_pb_row][\/et_pb_section]<\/p>\n","protected":false},"excerpt":{"rendered":"<p>nuestraPublicacionesEn esta primera colecci\u00f3n de relatos, Magnolia no s\u00f3lo da rienda suelta a su prol\u00edfica imaginaci\u00f3n de lectora -que busca razones para todo-, sino que tambi\u00e9n nos lleva de la mano, compartiendo y cautiv\u00e1ndonos a trav\u00e9s de historias que encierran mucho de lo que una vez fuimos, de lo que guardamos y atesoramos en nuestros [&hellip;]<\/p>\n","protected":false},"author":2,"featured_media":0,"parent":0,"menu_order":0,"comment_status":"closed","ping_status":"closed","template":"","meta":{"_et_pb_use_builder":"on","_et_pb_old_content":"","_et_gb_content_width":"","footnotes":""},"class_list":["post-1177","page","type-page","status-publish","hentry"],"_links":{"self":[{"href":"https:\/\/www.anamagnolia.org\/es\/wp-json\/wp\/v2\/pages\/1177","targetHints":{"allow":["GET"]}}],"collection":[{"href":"https:\/\/www.anamagnolia.org\/es\/wp-json\/wp\/v2\/pages"}],"about":[{"href":"https:\/\/www.anamagnolia.org\/es\/wp-json\/wp\/v2\/types\/page"}],"author":[{"embeddable":true,"href":"https:\/\/www.anamagnolia.org\/es\/wp-json\/wp\/v2\/users\/2"}],"replies":[{"embeddable":true,"href":"https:\/\/www.anamagnolia.org\/es\/wp-json\/wp\/v2\/comments?post=1177"}],"version-history":[{"count":2,"href":"https:\/\/www.anamagnolia.org\/es\/wp-json\/wp\/v2\/pages\/1177\/revisions"}],"predecessor-version":[{"id":1179,"href":"https:\/\/www.anamagnolia.org\/es\/wp-json\/wp\/v2\/pages\/1177\/revisions\/1179"}],"wp:attachment":[{"href":"https:\/\/www.anamagnolia.org\/es\/wp-json\/wp\/v2\/media?parent=1177"}],"curies":[{"name":"wp","href":"https:\/\/api.w.org\/{rel}","templated":true}]}}