{"id":1073,"date":"2026-01-15T18:52:12","date_gmt":"2026-01-15T18:52:12","guid":{"rendered":"https:\/\/am.cloudnine.com.do\/sobre-nosotros\/"},"modified":"2026-02-19T17:10:37","modified_gmt":"2026-02-19T17:10:37","slug":"sobre-nosotros","status":"publish","type":"page","link":"https:\/\/www.anamagnolia.org\/es\/sobre-nosotros\/","title":{"rendered":"Sobre mi"},"content":{"rendered":"<p>[et_pb_section fb_built=\u00bb1&#8243; admin_label=\u00bbHeader\u00bb _builder_version=\u00bb4.27.5&#8243; _module_preset=\u00bbdefault\u00bb use_background_color_gradient=\u00bbon\u00bb background_color_gradient_stops=\u00bbrgba(53,87,167,0.5) 0%|gcid-0d4be82b-a635-49c2-bf73-b2becd969c08 100%\u00bb background_color_gradient_overlays_image=\u00bbon\u00bb background_image=\u00bbhttp:\/\/am.cloudnine.com.do\/wp-content\/uploads\/2026\/01\/attorney-14.jpg\u00bb locked=\u00bboff\u00bb collapsed=\u00bbon\u00bb global_colors_info=\u00bb{%22gcid-9fa4a1b6-767d-41ca-984c-a6f10449c843%22:%91%22background_color_gradient_stops%22%93,%22gcid-0d4be82b-a635-49c2-bf73-b2becd969c08%22:%91%22background_color_gradient_stops%22%93}\u00bb][et_pb_row _builder_version=\u00bb4.20.0&#8243; _module_preset=\u00bbdefault\u00bb global_colors_info=\u00bb{}\u00bb][et_pb_column type=\u00bb4_4&#8243; _builder_version=\u00bb4.20.0&#8243; _module_preset=\u00bbdefault\u00bb global_colors_info=\u00bb{}\u00bb][et_pb_text _builder_version=\u00bb4.27.5&#8243; _module_preset=\u00bbc0e86039-e36c-4e85-9950-44bc0095cc23&#8243; header_4_text_color=\u00bb#FFFFFF\u00bb text_orientation=\u00bbcenter\u00bb custom_margin=\u00bb||10px||false|false\u00bb global_colors_info=\u00bb{%22gcid-2f3f3e09-0a26-4ea7-8906-5e1128945e3f%22:%91%22header_4_text_color%22%93}\u00bb]<\/p>\n<h4>Acerca de<\/h4>\n<p>[\/et_pb_text][et_pb_image src=\u00bbhttp:\/\/am.cloudnine.com.do\/wp-content\/uploads\/2026\/01\/attorney-1.png\u00bb title_text=\u00bbabogado-1&#8243; _builder_version=\u00bb4.20.0&#8243; _module_preset=\u00bbdefault\u00bb max_width=\u00bb130px\u00bb module_alignment=\u00bbcenter\u00bb global_colors_info=\u00bb{}\u00bb][\/et_pb_image][et_pb_text _builder_version=\u00bb4.27.5&#8243; _module_preset=\u00bb4a38fc07-11bd-4b3a-b799-56114a4313c0&#8243; header_text_color=\u00bb#FFFFFF\u00bb text_orientation=\u00bbcenter\u00bb global_colors_info=\u00bb{%22gcid-11d3dbbb-f6dc-4fb8-929b-9d6994368d00%22:%91%22header_text_color%22%93}\u00bb]<\/p>\n<h1>trayectoria profesional<\/h1>\n<p>[\/et_pb_text][\/et_pb_column][\/et_pb_row][\/et_pb_section][et_pb_section fb_built=\u00bb1&#8243; admin_label=\u00bbAbout\u00bb _builder_version=\u00bb4.27.5&#8243; _module_preset=\u00bbdefault\u00bb background_color=\u00bbgcid-0d4be82b-a635-49c2-bf73-b2becd969c08&#8243; locked=\u00bboff\u00bb collapsed=\u00bbon\u00bb global_colors_info=\u00bb{%22gcid-0d4be82b-a635-49c2-bf73-b2becd969c08%22:%91%22background_color%22%93}\u00bb][et_pb_row column_structure=\u00bb1_2,1_2&#8243; make_equal=\u00bbon\u00bb _builder_version=\u00bb4.27.5&#8243; _module_preset=\u00bbdefault\u00bb global_colors_info=\u00bb{}\u00bb][et_pb_column type=\u00bb1_2&#8243; _builder_version=\u00bb4.27.5&#8243; _module_preset=\u00bbdefault\u00bb background_image=\u00bbhttp:\/\/am.cloudnine.com.do\/wp-content\/uploads\/2026\/01\/mendez-magnolia-570&#215;760-1.jpg\u00bb filter_saturate=\u00bb0%\u00bb global_colors_info=\u00bb{}\u00bb][et_pb_image src=\u00bbhttp:\/\/am.cloudnine.com.do\/wp-content\/uploads\/2026\/02\/WhatsApp-Image-2024-08-13-at-11.08.46-2-1-1.jpeg\u00bb title_text=\u00bbImagen de WhatsApp 2024-08-13 a las 11.08.46 (2) (1)\u00bb _builder_version=\u00bb4.27.5&#8243; _module_preset=\u00bbdefault\u00bb filter_saturate=\u00bb0%\u00bb global_colors_info=\u00bb{}\u00bb][\/et_pb_image][\/et_pb_column][et_pb_column type=\u00bb1_2&#8243; _builder_version=\u00bb4.20.0&#8243; _module_preset=\u00bbdefault\u00bb global_colors_info=\u00bb{}\u00bb][et_pb_text _builder_version=\u00bb4.27.5&#8243; _module_preset=\u00bbea2534fb-cc86-48e3-9b38-0a11190c7bbb\u00bb header_2_text_color=\u00bb#FFFFFF\u00bb global_colors_info=\u00bb{%22gcid-11d3dbbb-f6dc-4fb8-929b-9d6994368d00%22:%91%22header_2_text_color%22%93}\u00bb]<\/p>\n<div class=\"et_pb_module et_pb_heading et_pb_heading_4 et_pb_bg_layout_\">\n<div class=\"et_pb_heading_container\">\n<h2 class=\"et_pb_module_heading\">Experiencia profesional<\/h2>\n<\/div>\n<\/div>\n<p>[\/et_pb_text][et_pb_text _builder_version=\u00bb4.27.5&#8243; _module_preset=\u00bba2667fc3-2c0a-479f-ab4a-c8de46ad4dc2&#8243; text_text_color=\u00bb#FFFFFF\u00bb locked=\u00bboff\u00bb global_colors_info=\u00bb{}\u00bb]<\/p>\n<div class=\"flex flex-col text-sm pb-25\">\n<article class=\"text-token-text-primary w-full focus:outline-none [--shadow-height:45px] has-data-writing-block:pointer-events-none has-data-writing-block:-mt-(--shadow-height) has-data-writing-block:pt-(--shadow-height) [&amp;:has([data-writing-block])&gt;*]:pointer-events-auto scroll-mt-[calc(var(--header-height)+min(200px,max(70px,20svh)))]\" dir=\"auto\" data-turn-id=\"request-697140f1-399c-832a-9014-524418d9929c-3\" data-testid=\"conversation-turn-200\" data-scroll-anchor=\"true\" data-turn=\"assistant\" tabindex=\"-1\">\n<div class=\"text-base my-auto mx-auto pb-10 [--thread-content-margin:--spacing(4)] @w-sm\/main:[--thread-content-margin:--spacing(6)] @w-lg\/main:[--thread-content-margin:--spacing(16)] px-(--thread-content-margin)\">\n<div class=\"[--thread-content-max-width:40rem] @w-lg\/main:[--thread-content-max-width:48rem] mx-auto max-w-(--thread-content-max-width) flex-1 group\/turn-messages focus-visible:outline-hidden relative flex w-full min-w-0 flex-col agent-turn\" tabindex=\"-1\">\n<div class=\"flex max-w-full flex-col grow\">\n<div data-message-author-role=\"assistant\" data-message-id=\"6ff406dd-3d3a-436d-8ac0-90786f11bc99\" dir=\"auto\" class=\"min-h-8 text-message relative flex w-full flex-col items-end gap-2 text-start break-words whitespace-normal [.text-message+&amp;]:mt-1\" data-message-model-slug=\"gpt-5-2\">\n<div class=\"flex w-full flex-col gap-1 empty:hidden first:pt-[1px]\">\n<div class=\"markdown prose dark:prose-invert w-full wrap-break-word dark markdown-new-styling\">\n<p data-start=\"215\" data-end=\"545\">Soy <strong data-start=\"220\" data-end=\"251\">Ana Magnolia M\u00e9ndez Cabrera<\/strong>. Antes que cualquier t\u00edtulo profesional, soy una mujer dominicana creyente en Jesucristo, madre, esposa e hija. Estas dimensiones de mi vida no compiten entre s\u00ed, se complementan y dan sentido a mi forma de habitar el mundo y de ejercer mi vocaci\u00f3n profesional.  <\/p>\n<p data-start=\"547\" data-end=\"945\">Soy Licenciada en Derecho por la <strong data-start=\"576\" data-end=\"608\">Universidad Central del Este<\/strong>, en mi ciudad natal de San Pedro de Macor\u00eds, donde me gradu\u00e9 <em data-start=\"668\" data-end=\"685\">Magna Cum Laude<\/em> en 2002. Posteriormente realic\u00e9 dos maestr\u00edas: una en <strong data-start=\"742\" data-end=\"783\">Derecho Empresarial y Legislaci\u00f3n Econ\u00f3mica<\/strong> en la <strong data-start=\"791\" data-end=\"842\">Pontificia Universidad Cat\u00f3lica Madre y Maestra<\/strong>, y otra en <strong data-start=\"859\" data-end=\"900\">Administraci\u00f3n de Justicia Constitucional<\/strong> en la <strong data-start=\"908\" data-end=\"944\">Escuela Nacional de la Judicatura<\/strong>. <\/p>\n<p data-start=\"547\" data-end=\"945\">Desde 2006, he desempe\u00f1ado funciones judiciales en Santo Domingo, Distrito Nacional. A partir de 2007, he trabajado en la <strong data-start=\"1075\" data-end=\"1103\">Jurisdicci\u00f3n Inmobiliaria<\/strong>, y desde 2016, he servido como juez del <strong data-start=\"1153\" data-end=\"1202\">Tribunal Superior de Tierras del Departamento Central<\/strong>. <\/p>\n<p data-start=\"547\" data-end=\"945\">\n<p data-start=\"547\" data-end=\"945\">\n<\/div>\n<\/div>\n<\/div>\n<\/div>\n<div class=\"z-0 flex min-h-[46px] justify-start\"><\/div>\n<div class=\"mt-3 w-full empty:hidden\">\n<div class=\"text-center\"><\/div>\n<\/div>\n<\/div>\n<\/div>\n<\/article>\n<\/div>\n<div aria-hidden=\"true\" data-edge=\"true\" class=\"pointer-events-none h-px w-px absolute bottom-0\"><\/div>\n<p>[\/et_pb_text][\/et_pb_column][\/et_pb_row][\/et_pb_section][et_pb_section fb_built=\u00bb1&#8243; specialty=\u00bbon\u00bb admin_label=\u00bbFeatures\u00bb _builder_version=\u00bb4.27.5&#8243; _module_preset=\u00bbdefault\u00bb background_color=\u00bb#FFFFFF\u00bb collapsed=\u00bbon\u00bb global_colors_info=\u00bb{}\u00bb][et_pb_column type=\u00bb1_2&#8243; _builder_version=\u00bb4.16&#8243; _module_preset=\u00bbdefault\u00bb custom_padding=\u00bb|||\u00bb global_colors_info=\u00bb{}\u00bb custom_padding__hover=\u00bb|||\u00bb][et_pb_text _builder_version=\u00bb4.27.5&#8243; _module_preset=\u00bba2667fc3-2c0a-479f-ab4a-c8de46ad4dc2&#8243; text_text_color=\u00bb#3557A7&#8243; custom_padding=\u00bb|||0px||\u00bb global_colors_info=\u00bb{}\u00bb]<\/p>\n<p data-start=\"1205\" data-end=\"1747\">En mi pr\u00e1ctica profesional, me interesa especialmente c\u00f3mo se concibe, argumenta y comunica el Derecho. Me preocupa profundamente la calidad del razonamiento judicial y el uso responsable del lenguaje jur\u00eddico, m\u00e1s all\u00e1 de la mera correcci\u00f3n gramatical o estil\u00edstica. Presto especial atenci\u00f3n al impacto humano de las decisiones judiciales. Entiendo la funci\u00f3n judicial no s\u00f3lo como la aplicaci\u00f3n de normas jur\u00eddicas, sino como un ejercicio de racionalidad y responsabilidad institucional, plenamente consciente del poder que los jueces ejercen sobre la vida de las personas.   <\/p>\n<p data-start=\"1749\" data-end=\"2339\">Me gusta escribir y me gusta ense\u00f1ar. Soy profesor de varias asignaturas en varias universidades de la Rep\u00fablica Dominicana, en particular en las \u00e1reas de <strong data-start=\"1905\" data-end=\"1924\">Derecho Inmobiliario<\/strong> y <strong data-start=\"1929\" data-end=\"1972\">Derecho de Transmisiones Gratuitas y Sucesiones<\/strong>. Una de las experiencias docentes que m\u00e1s valoro es guiar a los estudiantes en la redacci\u00f3n de sus tesis de licenciatura o m\u00e1ster, quiz\u00e1 porque este espacio re\u00fane dos de mis mayores pasiones: la ense\u00f1anza y la escritura. Creo que la formaci\u00f3n jur\u00eddica va m\u00e1s all\u00e1 de la transmisi\u00f3n de contenidos; debe fomentar el pensamiento cr\u00edtico, la claridad argumentativa y el crecimiento humano.   <\/p>\n<p data-start=\"540\" data-end=\"632\" data-is-last-node=\"\" data-is-only-node=\"\">[\/et_pb_text][\/et_pb_column][et_pb_column type=\u00bb1_2&#8243; specialty_columns=\u00bb2&#8243; _builder_version=\u00bb4.16&#8243; _module_preset=\u00bbdefault\u00bb custom_padding=\u00bb|||\u00bb global_colors_info=\u00bb{}\u00bb custom_padding__hover=\u00bb|||\u00bb][et_pb_row_inner use_custom_gutter=\u00bbon\u00bb gutter_width=\u00bb1&#8243; _builder_version=\u00bb4.27.5&#8243; _module_preset=\u00bbdefault\u00bb locked=\u00bboff\u00bb global_colors_info=\u00bb{}\u00bb][et_pb_column_inner saved_specialty_column_type=\u00bb1_2&#8243; _builder_version=\u00bb4.27.5&#8243; _module_preset=\u00bbdefault\u00bb global_colors_info=\u00bb{}\u00bb][et_pb_image src=\u00bbhttp:\/\/am.cloudnine.com.do\/wp-content\/uploads\/2026\/02\/pexels-sora-shimazaki-5668882-scaled.jpg\u00bb title_text=\u00bbpexels-sora-shimazaki-5668882&#8243; _builder_version=\u00bb4.27.5&#8243; _module_preset=\u00bbdefault\u00bb filter_saturate=\u00bb0%\u00bb global_colors_info=\u00bb{}\u00bb][\/et_pb_image][\/et_pb_column_inner][\/et_pb_row_inner][\/et_pb_column][\/et_pb_section][et_pb_section fb_built=\u00bb1&#8243; admin_label=\u00bbAbout\u00bb _builder_version=\u00bb4.27.5&#8243; _module_preset=\u00bbdefault\u00bb background_color=\u00bbgcid-0d4be82b-a635-49c2-bf73-b2becd969c08&#8243; locked=\u00bboff\u00bb collapsed=\u00bboff\u00bb global_colors_info=\u00bb{%22gcid-0d4be82b-a635-49c2-bf73-b2becd969c08%22:%91%22background_color%22%93}\u00bb][et_pb_row column_structure=\u00bb1_2,1_2&#8243; make_equal=\u00bbon\u00bb _builder_version=\u00bb4.27.5&#8243; _module_preset=\u00bbdefault\u00bb global_colors_info=\u00bb{}\u00bb][et_pb_column type=\u00bb1_2&#8243; _builder_version=\u00bb4.27.5&#8243; _module_preset=\u00bbdefault\u00bb background_enable_image=\u00bboff\u00bb filter_saturate=\u00bb0%\u00bb global_colors_info=\u00bb{}\u00bb][et_pb_image src=\u00bbhttp:\/\/am.cloudnine.com.do\/wp-content\/uploads\/2026\/02\/pexels-pixabay-433333-scaled.jpg\u00bb title_text=\u00bbpexels-pixabay-433333&#8243; _builder_version=\u00bb4.27.5&#8243; _module_preset=\u00bbdefault\u00bb filter_saturate=\u00bb0%\u00bb global_colors_info=\u00bb{}\u00bb][\/et_pb_image][\/et_pb_column][et_pb_column type=\u00bb1_2&#8243; _builder_version=\u00bb4.20.0&#8243; _module_preset=\u00bbdefault\u00bb global_colors_info=\u00bb{}\u00bb][et_pb_text _builder_version=\u00bb4.27.5&#8243; _module_preset=\u00bba2667fc3-2c0a-479f-ab4a-c8de46ad4dc2&#8243; text_text_color=\u00bb#FFFFFF\u00bb locked=\u00bboff\u00bb global_colors_info=\u00bb{}\u00bb]<\/p>\n<div class=\"flex flex-col text-sm pb-25\">\n<article class=\"text-token-text-primary w-full focus:outline-none [--shadow-height:45px] has-data-writing-block:pointer-events-none has-data-writing-block:-mt-(--shadow-height) has-data-writing-block:pt-(--shadow-height) [&amp;:has([data-writing-block])&gt;*]:pointer-events-auto scroll-mt-[calc(var(--header-height)+min(200px,max(70px,20svh)))]\" dir=\"auto\" data-turn-id=\"request-697140f1-399c-832a-9014-524418d9929c-3\" data-testid=\"conversation-turn-200\" data-scroll-anchor=\"true\" data-turn=\"assistant\" tabindex=\"-1\">\n<div class=\"text-base my-auto mx-auto pb-10 [--thread-content-margin:--spacing(4)] @w-sm\/main:[--thread-content-margin:--spacing(6)] @w-lg\/main:[--thread-content-margin:--spacing(16)] px-(--thread-content-margin)\">\n<div class=\"[--thread-content-max-width:40rem] @w-lg\/main:[--thread-content-max-width:48rem] mx-auto max-w-(--thread-content-max-width) flex-1 group\/turn-messages focus-visible:outline-hidden relative flex w-full min-w-0 flex-col agent-turn\" tabindex=\"-1\">\n<div class=\"flex max-w-full flex-col grow\">\n<div data-message-author-role=\"assistant\" data-message-id=\"6ff406dd-3d3a-436d-8ac0-90786f11bc99\" dir=\"auto\" class=\"min-h-8 text-message relative flex w-full flex-col items-end gap-2 text-start break-words whitespace-normal [.text-message+&amp;]:mt-1\" data-message-model-slug=\"gpt-5-2\">\n<div class=\"flex w-full flex-col gap-1 empty:hidden first:pt-[1px]\">\n<div class=\"markdown prose dark:prose-invert w-full wrap-break-word dark markdown-new-styling\">\n<p data-start=\"2341\" data-end=\"2873\">La escritura creativa es una parte esencial de mi forma de entender y comprometerme con la realidad. Soy escritora de relatos cortos, y en 2023 publiqu\u00e9 <em data-start=\"2475\" data-end=\"2488\">P\u00e1ginas Sueltas<\/em>, una colecci\u00f3n de relatos cortos que guardo con especial cari\u00f1o por representar una dimensi\u00f3n \u00edntima y reflexiva de mi trayectoria personal y profesional. En 2021, decid\u00ed dar mayor estructura y profundidad a esta pasi\u00f3n realizando una especializaci\u00f3n en <strong data-start=\"2748\" data-end=\"2777\">Ense\u00f1anza de la Escritura Creativa<\/strong> en la <strong data-start=\"2785\" data-end=\"2820\">Escuela de Escritores de Madrid<\/strong>, en colaboraci\u00f3n con la <strong data-start=\"2848\" data-end=\"2872\">Universidad de Alcal\u00e1<\/strong>.  <\/p>\n<p data-start=\"2875\" data-end=\"3055\">Para m\u00ed, la literatura no est\u00e1 separada del derecho, sino que es un espacio a trav\u00e9s del cual puede profundizarse nuestra comprensi\u00f3n de la experiencia humana, tan profundamente arraigada en toda pr\u00e1ctica jur\u00eddica.<\/p>\n<p data-start=\"3057\" data-end=\"3596\">Tanto en mi funci\u00f3n de juez como en mi vocaci\u00f3n de educador, concibo el aprendizaje como un proceso permanente. Guiado por esta convicci\u00f3n, siempre estoy inmerso en alguna forma de estudio o formaci\u00f3n. En 2023, inici\u00e9 un <strong data-start=\"3263\" data-end=\"3283\">Doctorado en Derecho<\/strong> dentro de un programa conjunto entre la <strong data-start=\"3319\" data-end=\"3370\">Pontificia Universidad Cat\u00f3lica Madre y Maestra<\/strong> y la <strong data-start=\"3379\" data-end=\"3416\">Universidad Externado de Colombia<\/strong>, etapa que vivo como un espacio de crecimiento intelectual, humano y profesional, orientado a continuar desarrollando una pr\u00e1ctica jur\u00eddica cada vez m\u00e1s consciente, reflexiva y humana.  <\/p>\n<p data-start=\"3598\" data-end=\"3774\">Este espacio naci\u00f3 del deseo de compartir mis reflexiones jur\u00eddicas, mis escritos y mis relatos breves, y de darles un lugar vivo dentro de mi trayectoria profesional y creativa.<\/p>\n<p data-start=\"547\" data-end=\"945\">\n<p data-start=\"547\" data-end=\"945\">\n<\/div>\n<\/div>\n<\/div>\n<\/div>\n<div class=\"z-0 flex min-h-[46px] justify-start\"><\/div>\n<div class=\"mt-3 w-full empty:hidden\">\n<div class=\"text-center\"><\/div>\n<\/div>\n<\/div>\n<\/div>\n<\/article>\n<\/div>\n<div aria-hidden=\"true\" data-edge=\"true\" class=\"pointer-events-none h-px w-px absolute bottom-0\"><\/div>\n<p>[\/et_pb_text][\/et_pb_column][\/et_pb_row][\/et_pb_section][et_pb_section fb_built=\u00bb1&#8243; specialty=\u00bbon\u00bb admin_label=\u00bbFeatures\u00bb _builder_version=\u00bb4.27.5&#8243; _module_preset=\u00bbdefault\u00bb background_color=\u00bb#FFFFFF\u00bb collapsed=\u00bbon\u00bb global_colors_info=\u00bb{}\u00bb][et_pb_column type=\u00bb1_2&#8243; _builder_version=\u00bb4.16&#8243; _module_preset=\u00bbdefault\u00bb custom_padding=\u00bb|||\u00bb global_colors_info=\u00bb{}\u00bb custom_padding__hover=\u00bb|||\u00bb][et_pb_text _builder_version=\u00bb4.27.5&#8243; _module_preset=\u00bbea2534fb-cc86-48e3-9b38-0a11190c7bbb\u00bb header_2_text_color=\u00bb#000000&#8243; global_colors_info=\u00bb{}\u00bb]<\/p>\n<h2>Juez. Profesor. Cuentacuentos.  <\/h2>\n<p>[\/et_pb_text][et_pb_image src=\u00bbhttp:\/\/am.cloudnine.com.do\/wp-content\/uploads\/2026\/01\/attorney-2.png\u00bb title_text=\u00bbabogado-2&#8243; _builder_version=\u00bb4.27.5&#8243; _module_preset=\u00bbdefault\u00bb max_width=\u00bb65px\u00bb global_colors_info=\u00bb{}\u00bb][\/et_pb_image][et_pb_text _builder_version=\u00bb4.27.5&#8243; _module_preset=\u00bba2667fc3-2c0a-479f-ab4a-c8de46ad4dc2&#8243; text_text_color=\u00bb#000000&#8243; global_colors_info=\u00bb{}\u00bb]<\/p>\n<blockquote data-start=\"65\" data-end=\"538\">\n<p data-start=\"67\" data-end=\"538\"><strong data-start=\"67\" data-end=\"111\">Jueza, profesora y escritora de relatos<\/strong>, su carrera se mueve entre el rigor del derecho, un profundo compromiso con la ense\u00f1anza y la sensibilidad de la literatura. Desde la sala de vistas y el aula, ha desarrollado una perspectiva cr\u00edtica y humana que encuentra en la escritura un espacio para la memoria y la libertad creativa. En <em data-start=\"377\" data-end=\"390\">P\u00e1ginas Sueltas<\/em>, su primera colecci\u00f3n de relatos, la imaginaci\u00f3n y la experiencia convergen para dar voz a historias moldeadas por la infancia, el tiempo y la condici\u00f3n humana.  <\/p>\n<\/blockquote>\n<p data-start=\"540\" data-end=\"632\" data-is-last-node=\"\" data-is-only-node=\"\">\n<p>[\/et_pb_text][et_pb_button button_url=\u00bbhttps:\/\/am.cloudnine.com.do\/publications\/\u00bb button_text=\u00bbMi libro\u00bb _builder_version=\u00bb4.27.5&#8243; _module_preset=\u00bbf901c0e3-1fab-4e19-9400-935779a2c36d\u00bb button_text_color=\u00bb#000000&#8243; button_border_color=\u00bb#000000&#8243; global_colors_info=\u00bb{}\u00bb][\/et_pb_button][\/et_pb_column][et_pb_column type=\u00bb1_2&#8243; specialty_columns=\u00bb2&#8243; _builder_version=\u00bb4.16&#8243; _module_preset=\u00bbdefault\u00bb custom_padding=\u00bb|||\u00bb global_colors_info=\u00bb{}\u00bb custom_padding__hover=\u00bb|||\u00bb][et_pb_row_inner use_custom_gutter=\u00bbon\u00bb gutter_width=\u00bb1&#8243; _builder_version=\u00bb4.27.5&#8243; _module_preset=\u00bbdefault\u00bb locked=\u00bboff\u00bb global_colors_info=\u00bb{}\u00bb][et_pb_column_inner saved_specialty_column_type=\u00bb1_2&#8243; _builder_version=\u00bb4.20.0&#8243; _module_preset=\u00bbdefault\u00bb global_colors_info=\u00bb{}\u00bb][et_pb_image src=\u00bbhttp:\/\/am.cloudnine.com.do\/wp-content\/uploads\/2026\/01\/81nCj1fugjL._SY522_.jpg\u00bb title_text=\u00bb81nCj1fugjL._SY522_\u00bb force_fullwidth=\u00bbon\u00bb _builder_version=\u00bb4.27.5&#8243; _module_preset=\u00bbdefault\u00bb min_height=\u00bb100%\u00bb global_colors_info=\u00bb{}\u00bb][\/et_pb_image][\/et_pb_column_inner][\/et_pb_row_inner][\/et_pb_column][\/et_pb_section]<\/p>\n","protected":false},"excerpt":{"rendered":"<p>Acerca detrayectoria profesional Experiencia profesional Soy Ana Magnolia M\u00e9ndez Cabrera. Antes que cualquier t\u00edtulo profesional, soy una mujer dominicana creyente en Jesucristo, madre, esposa e hija. Estas dimensiones de mi vida no compiten entre s\u00ed, se complementan y dan sentido a mi forma de habitar el mundo y de ejercer mi vocaci\u00f3n profesional. Soy Licenciada [&hellip;]<\/p>\n","protected":false},"author":1,"featured_media":0,"parent":0,"menu_order":0,"comment_status":"closed","ping_status":"closed","template":"","meta":{"_et_pb_use_builder":"on","_et_pb_old_content":"","_et_gb_content_width":"","footnotes":""},"class_list":["post-1073","page","type-page","status-publish","hentry"],"_links":{"self":[{"href":"https:\/\/www.anamagnolia.org\/es\/wp-json\/wp\/v2\/pages\/1073","targetHints":{"allow":["GET"]}}],"collection":[{"href":"https:\/\/www.anamagnolia.org\/es\/wp-json\/wp\/v2\/pages"}],"about":[{"href":"https:\/\/www.anamagnolia.org\/es\/wp-json\/wp\/v2\/types\/page"}],"author":[{"embeddable":true,"href":"https:\/\/www.anamagnolia.org\/es\/wp-json\/wp\/v2\/users\/1"}],"replies":[{"embeddable":true,"href":"https:\/\/www.anamagnolia.org\/es\/wp-json\/wp\/v2\/comments?post=1073"}],"version-history":[{"count":5,"href":"https:\/\/www.anamagnolia.org\/es\/wp-json\/wp\/v2\/pages\/1073\/revisions"}],"predecessor-version":[{"id":1363,"href":"https:\/\/www.anamagnolia.org\/es\/wp-json\/wp\/v2\/pages\/1073\/revisions\/1363"}],"wp:attachment":[{"href":"https:\/\/www.anamagnolia.org\/es\/wp-json\/wp\/v2\/media?parent=1073"}],"curies":[{"name":"wp","href":"https:\/\/api.w.org\/{rel}","templated":true}]}}